{"id":20599,"date":"2023-12-11T13:38:52","date_gmt":"2023-12-11T13:38:52","guid":{"rendered":"https:\/\/moldblade.com\/politica-de-privacidade\/"},"modified":"2023-12-11T13:38:52","modified_gmt":"2023-12-11T13:38:52","slug":"politica-de-privacidade","status":"publish","type":"page","link":"https:\/\/moldblade.com\/pt-pt\/politica-de-privacidade\/","title":{"rendered":"Pol\u00edtica de privacidade"},"content":{"rendered":"<style>.elementor-widget-text-editor{font-family:var( --e-global-typography-text-font-family ), Sans-serif;font-weight:var( --e-global-typography-text-font-weight );color:var( --e-global-color-text );}.elementor-widget-text-editor.elementor-drop-cap-view-stacked .elementor-drop-cap{background-color:var( --e-global-color-primary );}.elementor-widget-text-editor.elementor-drop-cap-view-framed .elementor-drop-cap, .elementor-widget-text-editor.elementor-drop-cap-view-default .elementor-drop-cap{color:var( --e-global-color-primary );border-color:var( --e-global-color-primary );}<\/style>\t\t<div data-elementor-type=\"wp-page\" data-elementor-id=\"20599\" class=\"elementor elementor-20599 elementor-3\" data-elementor-post-type=\"page\">\n\t\t\t\t\t\t<section class=\"elementor-section elementor-top-section elementor-element elementor-element-5b39c0dc elementor-section-boxed elementor-section-height-default elementor-section-height-default\" data-id=\"5b39c0dc\" data-element_type=\"section\" data-e-type=\"section\">\n\t\t\t\t\t\t<div class=\"elementor-container elementor-column-gap-default\">\n\t\t\t\t\t<div class=\"elementor-column elementor-col-100 elementor-top-column elementor-element elementor-element-425f5cbb\" data-id=\"425f5cbb\" data-element_type=\"column\" data-e-type=\"column\">\n\t\t\t<div class=\"elementor-widget-wrap elementor-element-populated\">\n\t\t\t\t\t\t<div class=\"elementor-element elementor-element-613a8a8a elementor-widget elementor-widget-text-editor\" data-id=\"613a8a8a\" data-element_type=\"widget\" data-e-type=\"widget\" data-widget_type=\"text-editor.default\">\n\t\t\t\t<div class=\"elementor-widget-container\">\n\t\t\t\t\t\t\t\t\t<h1 class=\"post-title big_title bg_gallery cufon_headings\">Pol\u00edtica de privacidade<\/h1>\r\n<strong>Pol\u00edtica de privacidade<\/strong>\r\n\r\nPol\u00edtica de privacidade\r\n\r\nLEI DOS SERVI\u00c7OS DA SOCIEDADE DA INFORMA\u00c7\u00c3O (LSSI)\r\n\r\nA Moldblade SL., respons\u00e1vel pelo site, doravante RESPONS\u00c1VEL, disponibiliza o presente documento aos usu\u00e1rios, com o objetivo de cumprir as obriga\u00e7\u00f5es estabelecidas na Lei 34\/2002, de 11 de julho, de Servi\u00e7os da Sociedade da Informa\u00e7\u00e3o e Com\u00e9rcio Eletr\u00f4nico (LSSICE), BOE N\u00ba 166, bem como informar todos os usu\u00e1rios do site sobre as condi\u00e7\u00f5es de uso.\r\n\r\nQualquer pessoa que acesse este site assume o papel de usu\u00e1rio, comprometendo-se a observar e cumprir rigorosamente as disposi\u00e7\u00f5es aqui estabelecidas, bem como qualquer outra disposi\u00e7\u00e3o legal aplic\u00e1vel.\r\n\r\nA Moldblade SL. reserva-se o direito de modificar qualquer tipo de informa\u00e7\u00e3o que possa aparecer no site, sem a obriga\u00e7\u00e3o de pr\u00e9-avisar ou informar os usu\u00e1rios dessas obriga\u00e7\u00f5es, entendendo-se como suficiente a sua publica\u00e7\u00e3o no site da Moldblade SL.\r\n\r\nDADOS IDENTIFICATIVOS\r\n\r\nDenomina\u00e7\u00e3o social: Moldblade SL.\r\n\r\nNome de dom\u00ednio: <a href=\"http:\/\/www.moldblade.com\/\">www.moldblade.com<\/a>\r\n\r\nNIF: B98116742\r\n\r\nDomic\u00edlio fiscal: C\/ CONDE ALTEA 22 10 \u2013 VALENCIA (VALENCIA)\r\n\r\nE-mail: <a href=\"mailto:administracion@moldblade.com\">administracion@moldblade.com<\/a>\r\n\r\nRegistrada no Registro (Mercantil \/ P\u00fablico): REGISTRO MERCANTIL DE VALENCIA 1\/6\/12\/1.109 FOLIO 161 N.ENTRADA: 1\/2009\/4.316,0\r\n\r\nDIREITOS DE PROPRIEDADE INTELECTUAL E INDUSTRIAL\r\n\r\nO site, incluindo, mas n\u00e3o se limitando \u00e0 programa\u00e7\u00e3o, edi\u00e7\u00e3o, compila\u00e7\u00e3o e outros elementos necess\u00e1rios para o seu funcionamento, os designs, logotipos, texto e\/ou gr\u00e1ficos s\u00e3o propriedade do RESPONS\u00c1VEL ou, se for o caso, t\u00eam licen\u00e7a ou autoriza\u00e7\u00e3o expressa dos autores. Todos os conte\u00fados do site est\u00e3o devidamente protegidos pela legisla\u00e7\u00e3o de propriedade intelectual e industrial, bem como registrados nos registros p\u00fablicos correspondentes.\r\n\r\nIndependentemente da finalidade para a qual foram destinados, a reprodu\u00e7\u00e3o total ou parcial, uso, explora\u00e7\u00e3o, distribui\u00e7\u00e3o e comercializa\u00e7\u00e3o requer, em todos os casos, autoriza\u00e7\u00e3o escrita pr\u00e9via do RESPONS\u00c1VEL. Qualquer uso n\u00e3o autorizado anteriormente \u00e9 considerado uma viola\u00e7\u00e3o grave dos direitos de propriedade intelectual ou industrial do autor.\r\n\r\nOs designs, logotipos, texto e\/ou gr\u00e1ficos que n\u00e3o sejam do RESPONS\u00c1VEL e que possam aparecer no site pertencem aos seus respectivos propriet\u00e1rios, sendo estes respons\u00e1veis por qualquer poss\u00edvel controv\u00e9rsia que possa surgir em rela\u00e7\u00e3o a eles. O RESPONS\u00c1VEL autoriza expressamente que terceiros possam redirecionar diretamente para os conte\u00fados espec\u00edficos do site, e em todos os casos, redirecionar para o site principal.\r\n\r\nO RESPONS\u00c1VEL reconhece a favor de seus titulares os correspondentes direitos de propriedade intelectual e industrial, n\u00e3o implicando sua simples men\u00e7\u00e3o ou apari\u00e7\u00e3o no site a exist\u00eancia de direitos ou responsabilidade sobre os mesmos, tampouco endosso, patroc\u00ednio ou recomenda\u00e7\u00e3o por parte do mesmo.\r\n\r\nPara fazer qualquer tipo de observa\u00e7\u00e3o sobre poss\u00edveis viola\u00e7\u00f5es de direitos de propriedade intelectual ou industrial, bem como sobre qualquer um dos conte\u00fados do site, pode faz\u00ea-lo atrav\u00e9s do e-mail <a href=\"mailto:administracion@moldblade.com\">administracion@moldblade.com<\/a>\r\n\r\nISEN\u00c7\u00c3O DE RESPONSABILIDADE\r\n\r\nO RESPONS\u00c1VEL isenta-se de qualquer tipo de responsabilidade derivada das informa\u00e7\u00f5es publicadas em seu site, desde que essas informa\u00e7\u00f5es tenham sido manipuladas ou inseridas por um terceiro alheio ao mesmo.\r\n\r\nUso de Cookies\r\n\r\nEste site pode utilizar cookies t\u00e9cnicas (pequenos arquivos de informa\u00e7\u00e3o que o servidor envia para o computador de quem acessa a p\u00e1gina) para realizar determinadas fun\u00e7\u00f5es consideradas essenciais para o correto funcionamento e visualiza\u00e7\u00e3o do site. Os cookies utilizados t\u00eam, em todos os casos, car\u00e1ter tempor\u00e1rio, com o \u00fanico objetivo de tornar a navega\u00e7\u00e3o mais eficiente, e desaparecem ao finalizar a sess\u00e3o do usu\u00e1rio. Em nenhum caso, esses cookies fornecem dados pessoais por si mesmos e n\u00e3o ser\u00e3o usados para colet\u00e1-los.\r\n\r\nAtrav\u00e9s do uso de cookies, tamb\u00e9m \u00e9 poss\u00edvel que o servidor onde o site est\u00e1 localizado reconhe\u00e7a o navegador usado pelo usu\u00e1rio, a fim de tornar a navega\u00e7\u00e3o mais simples, permitindo, por exemplo, o acesso de usu\u00e1rios que se registraram anteriormente a \u00e1reas, servi\u00e7os, promo\u00e7\u00f5es ou concursos reservados exclusivamente a eles, sem a necessidade de se registrar a cada visita.\r\n\r\nEles tamb\u00e9m podem ser usados para medir a audi\u00eancia, par\u00e2metros de tr\u00e1fego, controlar o progresso e n\u00famero de entradas, etc., sendo nestes casos cookies tecnicamente dispens\u00e1veis, mas ben\u00e9ficos para o usu\u00e1rio. Este site n\u00e3o instalar\u00e1 cookies dispens\u00e1veis sem o consentimento pr\u00e9vio do usu\u00e1rio.\r\n\r\nO usu\u00e1rio tem a possibilidade de configurar seu navegador para ser alertado sobre a recep\u00e7\u00e3o de cookies e impedir sua instala\u00e7\u00e3o em seu equipamento. Consulte as instru\u00e7\u00f5es do seu navegador para obter mais informa\u00e7\u00f5es.\r\n\r\nPol\u00edtica de links\r\n\r\nA partir do site, \u00e9 poss\u00edvel redirecionar para conte\u00fados de terceiros. Dado que o RESPONS\u00c1VEL n\u00e3o pode sempre controlar os conte\u00fados inseridos por terceiros em seus respectivos sites, n\u00e3o assume qualquer responsabilidade por esses conte\u00fados. Em todos os casos, proceder\u00e1 \u00e0 retirada imediata de qualquer conte\u00fado que possa infringir a legisla\u00e7\u00e3o nacional ou internacional, a moral ou a ordem p\u00fablica, procedendo \u00e0 retirada imediata do redirecionamento para esse site, informando as autoridades competentes sobre o conte\u00fado em quest\u00e3o.\r\n\r\nO RESPONS\u00c1VEL n\u00e3o se responsabiliza pelas informa\u00e7\u00f5es e conte\u00fados armazenados, a t\u00edtulo enunciativo, mas n\u00e3o limitativo, em f\u00f3runs, chats, geradores de blogs, coment\u00e1rios, redes sociais ou qualquer outro meio que permita a terceiros publicar conte\u00fados de forma independente na p\u00e1gina do site do RESPONS\u00c1VEL. No entanto, e em cumprimento ao disposto nos artigos 11 e 16 da LSSICE, o RESPONS\u00c1VEL coloca \u00e0 disposi\u00e7\u00e3o de todos os usu\u00e1rios, autoridades e for\u00e7as de seguran\u00e7a, colaborando ativamente na retirada ou, se for o caso, no bloqueio de todos os conte\u00fados que possam afetar ou violar a legisla\u00e7\u00e3o nacional ou internacional, os direitos de terceiros, a moral e a ordem p\u00fablica. Caso o usu\u00e1rio considere que existe algum conte\u00fado no site que possa ser classificado dessa forma, \u00e9 solicitado que notifique imediatamente o administrador do site.\r\n\r\nEste site foi revisado e testado para funcionar corretamente. Em princ\u00edpio, pode-se garantir o funcionamento correto durante todo o ano, 24 horas por dia. No entanto, o RESPONS\u00c1VEL n\u00e3o descarta a possibilidade de existirem certos erros de programa\u00e7\u00e3o, ou que ocorram causas de for\u00e7a maior, cat\u00e1strofes naturais, greves ou circunst\u00e2ncias semelhantes que tornem imposs\u00edvel o acesso ao site.\r\n\r\nEndere\u00e7os IP\r\n\r\nOs servidores do site poder\u00e3o detectar automaticamente o endere\u00e7o IP e o nome de dom\u00ednio usado pelo usu\u00e1rio. Um endere\u00e7o IP \u00e9 um n\u00famero atribu\u00eddo automaticamente a um computador quando ele se conecta \u00e0 Internet. Todas essas informa\u00e7\u00f5es s\u00e3o registradas em um arquivo de atividade do servidor devidamente registrado, que permite o processamento posterior dos dados para obter apenas medi\u00e7\u00f5es estat\u00edsticas que permitam conhecer o n\u00famero de impress\u00f5es de p\u00e1ginas, o n\u00famero de visitas aos servidores web, a ordem das visitas, o ponto de acesso, etc.\r\n\r\nLEI APLIC\u00c1VEL E JURISDI\u00c7\u00c3O\r\n\r\nPara a resolu\u00e7\u00e3o de todas as controv\u00e9rsias ou quest\u00f5es relacionadas a este site ou \u00e0s atividades nele desenvolvidas, ser\u00e1 aplic\u00e1vel a legisla\u00e7\u00e3o espanhola, \u00e0 qual as partes se submetem expressamente, sendo competentes para a resolu\u00e7\u00e3o de todos os conflitos decorrentes ou relacionados ao seu uso os Tribunais mais pr\u00f3ximos de Val\u00eancia.\t\t\t\t\t\t\t\t<\/div>\n\t\t\t\t<\/div>\n\t\t\t\t\t<\/div>\n\t\t<\/div>\n\t\t\t\t\t<\/div>\n\t\t<\/section>\n\t\t\t\t<\/div>\n\t\t","protected":false},"excerpt":{"rendered":"<p>Pol\u00edtica de privacidade Pol\u00edtica de privacidade Pol\u00edtica de privacidade <\/p>\n","protected":false},"author":2,"featured_media":20576,"parent":0,"menu_order":0,"comment_status":"closed","ping_status":"closed","template":"","meta":{"_acf_changed":false,"_monsterinsights_skip_tracking":false,"_monsterinsights_sitenote_active":false,"_monsterinsights_sitenote_note":"","_monsterinsights_sitenote_category":0,"footnotes":""},"class_list":["post-20599","page","type-page","status-publish","has-post-thumbnail","hentry"],"acf":[],"yoast_head":"<!-- This site is optimized with the Yoast SEO plugin v27.1.1 - https:\/\/yoast.com\/product\/yoast-seo-wordpress\/ -->\n<title>Pol\u00edtica de privacidade - Moldblade<\/title>\n<meta name=\"description\" content=\"Pol\u00edtica de privacidade Pol\u00edtica de privacidade Pol\u00edtica de privacidade LEI DOS SERVI\u00c7OS DA SOCIEDADE DA INFORMA\u00c7\u00c3O (LSSI) A Moldblade SL., respons\u00e1vel - Pol\u00edtica de privacidade\" \/>\n<meta name=\"robots\" content=\"index, follow, max-snippet:-1, max-image-preview:large, max-video-preview:-1\" \/>\n<link rel=\"canonical\" href=\"https:\/\/moldblade.com\/pt-pt\/politica-de-privacidade\/\" \/>\n<meta property=\"og:locale\" content=\"pt_PT\" \/>\n<meta property=\"og:type\" content=\"article\" \/>\n<meta property=\"og:title\" content=\"Pol\u00edtica de privacidade - Moldblade\" \/>\n<meta property=\"og:description\" content=\"Pol\u00edtica de privacidade Pol\u00edtica de privacidade Pol\u00edtica de privacidade LEI DOS SERVI\u00c7OS DA SOCIEDADE DA INFORMA\u00c7\u00c3O (LSSI) A Moldblade SL., respons\u00e1vel - Pol\u00edtica de privacidade\" \/>\n<meta property=\"og:url\" content=\"https:\/\/moldblade.com\/pt-pt\/politica-de-privacidade\/\" \/>\n<meta property=\"og:site_name\" content=\"Moldblade\" \/>\n<meta property=\"og:image\" content=\"https:\/\/moldblade.com\/wp-content\/uploads\/2020\/07\/2-patentes@2x.jpg\" \/>\n\t<meta property=\"og:image:width\" content=\"600\" \/>\n\t<meta property=\"og:image:height\" content=\"600\" \/>\n\t<meta property=\"og:image:type\" content=\"image\/jpeg\" \/>\n<meta name=\"twitter:card\" content=\"summary_large_image\" \/>\n<meta name=\"twitter:label1\" content=\"Tempo estimado de leitura\" \/>\n\t<meta name=\"twitter:data1\" content=\"6 minutos\" \/>\n<script type=\"application\/ld+json\" class=\"yoast-schema-graph\">{\"@context\":\"https:\/\/schema.org\",\"@graph\":[{\"@type\":\"WebPage\",\"@id\":\"https:\/\/moldblade.com\/pt-pt\/politica-de-privacidade\/\",\"url\":\"https:\/\/moldblade.com\/pt-pt\/politica-de-privacidade\/\",\"name\":\"Pol\u00edtica de privacidade - Moldblade\",\"isPartOf\":{\"@id\":\"https:\/\/moldblade.com\/pt-pt\/#website\"},\"primaryImageOfPage\":{\"@id\":\"https:\/\/moldblade.com\/pt-pt\/politica-de-privacidade\/#primaryimage\"},\"image\":{\"@id\":\"https:\/\/moldblade.com\/pt-pt\/politica-de-privacidade\/#primaryimage\"},\"thumbnailUrl\":\"https:\/\/moldblade.com\/wp-content\/uploads\/2020\/07\/2-patentes@2x.jpg\",\"datePublished\":\"2023-12-11T13:38:52+00:00\",\"description\":\"Pol\u00edtica de privacidade Pol\u00edtica de privacidade Pol\u00edtica de privacidade LEI DOS SERVI\u00c7OS DA SOCIEDADE DA INFORMA\u00c7\u00c3O (LSSI) A Moldblade SL., respons\u00e1vel - Pol\u00edtica de privacidade\",\"breadcrumb\":{\"@id\":\"https:\/\/moldblade.com\/pt-pt\/politica-de-privacidade\/#breadcrumb\"},\"inLanguage\":\"pt-PT\",\"potentialAction\":[{\"@type\":\"ReadAction\",\"target\":[\"https:\/\/moldblade.com\/pt-pt\/politica-de-privacidade\/\"]}]},{\"@type\":\"ImageObject\",\"inLanguage\":\"pt-PT\",\"@id\":\"https:\/\/moldblade.com\/pt-pt\/politica-de-privacidade\/#primaryimage\",\"url\":\"https:\/\/moldblade.com\/wp-content\/uploads\/2020\/07\/2-patentes@2x.jpg\",\"contentUrl\":\"https:\/\/moldblade.com\/wp-content\/uploads\/2020\/07\/2-patentes@2x.jpg\",\"width\":600,\"height\":600},{\"@type\":\"BreadcrumbList\",\"@id\":\"https:\/\/moldblade.com\/pt-pt\/politica-de-privacidade\/#breadcrumb\",\"itemListElement\":[{\"@type\":\"ListItem\",\"position\":1,\"name\":\"Portada\",\"item\":\"https:\/\/moldblade.com\/pt-pt\/\"},{\"@type\":\"ListItem\",\"position\":2,\"name\":\"Pol\u00edtica de privacidade\"}]},{\"@type\":\"WebSite\",\"@id\":\"https:\/\/moldblade.com\/pt-pt\/#website\",\"url\":\"https:\/\/moldblade.com\/pt-pt\/\",\"name\":\"Moldblade\",\"description\":\"\",\"potentialAction\":[{\"@type\":\"SearchAction\",\"target\":{\"@type\":\"EntryPoint\",\"urlTemplate\":\"https:\/\/moldblade.com\/pt-pt\/?s={search_term_string}\"},\"query-input\":{\"@type\":\"PropertyValueSpecification\",\"valueRequired\":true,\"valueName\":\"search_term_string\"}}],\"inLanguage\":\"pt-PT\"}]}<\/script>\n<!-- \/ Yoast SEO plugin. -->","yoast_head_json":{"title":"Pol\u00edtica de privacidade - Moldblade","description":"Pol\u00edtica de privacidade Pol\u00edtica de privacidade Pol\u00edtica de privacidade LEI DOS SERVI\u00c7OS DA SOCIEDADE DA INFORMA\u00c7\u00c3O (LSSI) A Moldblade SL., respons\u00e1vel - Pol\u00edtica de privacidade","robots":{"index":"index","follow":"follow","max-snippet":"max-snippet:-1","max-image-preview":"max-image-preview:large","max-video-preview":"max-video-preview:-1"},"canonical":"https:\/\/moldblade.com\/pt-pt\/politica-de-privacidade\/","og_locale":"pt_PT","og_type":"article","og_title":"Pol\u00edtica de privacidade - Moldblade","og_description":"Pol\u00edtica de privacidade Pol\u00edtica de privacidade Pol\u00edtica de privacidade LEI DOS SERVI\u00c7OS DA SOCIEDADE DA INFORMA\u00c7\u00c3O (LSSI) A Moldblade SL., respons\u00e1vel - Pol\u00edtica de privacidade","og_url":"https:\/\/moldblade.com\/pt-pt\/politica-de-privacidade\/","og_site_name":"Moldblade","og_image":[{"width":600,"height":600,"url":"https:\/\/moldblade.com\/wp-content\/uploads\/2020\/07\/2-patentes@2x.jpg","type":"image\/jpeg"}],"twitter_card":"summary_large_image","twitter_misc":{"Tempo estimado de leitura":"6 minutos"},"schema":{"@context":"https:\/\/schema.org","@graph":[{"@type":"WebPage","@id":"https:\/\/moldblade.com\/pt-pt\/politica-de-privacidade\/","url":"https:\/\/moldblade.com\/pt-pt\/politica-de-privacidade\/","name":"Pol\u00edtica de privacidade - Moldblade","isPartOf":{"@id":"https:\/\/moldblade.com\/pt-pt\/#website"},"primaryImageOfPage":{"@id":"https:\/\/moldblade.com\/pt-pt\/politica-de-privacidade\/#primaryimage"},"image":{"@id":"https:\/\/moldblade.com\/pt-pt\/politica-de-privacidade\/#primaryimage"},"thumbnailUrl":"https:\/\/moldblade.com\/wp-content\/uploads\/2020\/07\/2-patentes@2x.jpg","datePublished":"2023-12-11T13:38:52+00:00","description":"Pol\u00edtica de privacidade Pol\u00edtica de privacidade Pol\u00edtica de privacidade LEI DOS SERVI\u00c7OS DA SOCIEDADE DA INFORMA\u00c7\u00c3O (LSSI) A Moldblade SL., respons\u00e1vel - Pol\u00edtica de privacidade","breadcrumb":{"@id":"https:\/\/moldblade.com\/pt-pt\/politica-de-privacidade\/#breadcrumb"},"inLanguage":"pt-PT","potentialAction":[{"@type":"ReadAction","target":["https:\/\/moldblade.com\/pt-pt\/politica-de-privacidade\/"]}]},{"@type":"ImageObject","inLanguage":"pt-PT","@id":"https:\/\/moldblade.com\/pt-pt\/politica-de-privacidade\/#primaryimage","url":"https:\/\/moldblade.com\/wp-content\/uploads\/2020\/07\/2-patentes@2x.jpg","contentUrl":"https:\/\/moldblade.com\/wp-content\/uploads\/2020\/07\/2-patentes@2x.jpg","width":600,"height":600},{"@type":"BreadcrumbList","@id":"https:\/\/moldblade.com\/pt-pt\/politica-de-privacidade\/#breadcrumb","itemListElement":[{"@type":"ListItem","position":1,"name":"Portada","item":"https:\/\/moldblade.com\/pt-pt\/"},{"@type":"ListItem","position":2,"name":"Pol\u00edtica de privacidade"}]},{"@type":"WebSite","@id":"https:\/\/moldblade.com\/pt-pt\/#website","url":"https:\/\/moldblade.com\/pt-pt\/","name":"Moldblade","description":"","potentialAction":[{"@type":"SearchAction","target":{"@type":"EntryPoint","urlTemplate":"https:\/\/moldblade.com\/pt-pt\/?s={search_term_string}"},"query-input":{"@type":"PropertyValueSpecification","valueRequired":true,"valueName":"search_term_string"}}],"inLanguage":"pt-PT"}]}},"_links":{"self":[{"href":"https:\/\/moldblade.com\/pt-pt\/wp-json\/wp\/v2\/pages\/20599","targetHints":{"allow":["GET"]}}],"collection":[{"href":"https:\/\/moldblade.com\/pt-pt\/wp-json\/wp\/v2\/pages"}],"about":[{"href":"https:\/\/moldblade.com\/pt-pt\/wp-json\/wp\/v2\/types\/page"}],"author":[{"embeddable":true,"href":"https:\/\/moldblade.com\/pt-pt\/wp-json\/wp\/v2\/users\/2"}],"replies":[{"embeddable":true,"href":"https:\/\/moldblade.com\/pt-pt\/wp-json\/wp\/v2\/comments?post=20599"}],"version-history":[{"count":1,"href":"https:\/\/moldblade.com\/pt-pt\/wp-json\/wp\/v2\/pages\/20599\/revisions"}],"predecessor-version":[{"id":20600,"href":"https:\/\/moldblade.com\/pt-pt\/wp-json\/wp\/v2\/pages\/20599\/revisions\/20600"}],"wp:featuredmedia":[{"embeddable":true,"href":"https:\/\/moldblade.com\/pt-pt\/wp-json\/wp\/v2\/media\/20576"}],"wp:attachment":[{"href":"https:\/\/moldblade.com\/pt-pt\/wp-json\/wp\/v2\/media?parent=20599"}],"curies":[{"name":"wp","href":"https:\/\/api.w.org\/{rel}","templated":true}]}}