{"id":20482,"date":"2023-12-11T09:07:39","date_gmt":"2023-12-11T09:07:39","guid":{"rendered":"https:\/\/moldblade.com\/aviso-legal\/"},"modified":"2023-12-11T09:28:35","modified_gmt":"2023-12-11T09:28:35","slug":"aviso-legal","status":"publish","type":"page","link":"https:\/\/moldblade.com\/pt-pt\/aviso-legal\/","title":{"rendered":"Aviso Legal"},"content":{"rendered":"<style>.elementor-widget-text-editor{font-family:var( --e-global-typography-text-font-family ), Sans-serif;font-weight:var( --e-global-typography-text-font-weight );color:var( --e-global-color-text );}.elementor-widget-text-editor.elementor-drop-cap-view-stacked .elementor-drop-cap{background-color:var( --e-global-color-primary );}.elementor-widget-text-editor.elementor-drop-cap-view-framed .elementor-drop-cap, .elementor-widget-text-editor.elementor-drop-cap-view-default .elementor-drop-cap{color:var( --e-global-color-primary );border-color:var( --e-global-color-primary );}<\/style>\t\t<div data-elementor-type=\"wp-page\" data-elementor-id=\"20482\" class=\"elementor elementor-20482 elementor-4130\" data-elementor-post-type=\"page\">\n\t\t\t\t\t\t<section class=\"elementor-section elementor-top-section elementor-element elementor-element-d5f8af5 elementor-section-boxed elementor-section-height-default elementor-section-height-default\" data-id=\"d5f8af5\" data-element_type=\"section\" data-e-type=\"section\">\n\t\t\t\t\t\t<div class=\"elementor-container elementor-column-gap-default\">\n\t\t\t\t\t<div class=\"elementor-column elementor-col-100 elementor-top-column elementor-element elementor-element-07dfa91\" data-id=\"07dfa91\" data-element_type=\"column\" data-e-type=\"column\">\n\t\t\t<div class=\"elementor-widget-wrap elementor-element-populated\">\n\t\t\t\t\t\t<div class=\"elementor-element elementor-element-483a0b3 elementor-widget elementor-widget-text-editor\" data-id=\"483a0b3\" data-element_type=\"widget\" data-e-type=\"widget\" data-widget_type=\"text-editor.default\">\n\t\t\t\t<div class=\"elementor-widget-container\">\n\t\t\t\t\t\t\t\t\t<p><strong>Aviso Legal e Termos de Uso<\/strong><\/p>\n<p>Neste espa\u00e7o, o USU\u00c1RIO pode encontrar todas as informa\u00e7\u00f5es relativas aos termos e condi\u00e7\u00f5es legais que definem as rela\u00e7\u00f5es entre os usu\u00e1rios e n\u00f3s como respons\u00e1veis por este site. Como usu\u00e1rio, \u00e9 importante que voc\u00ea conhe\u00e7a esses termos antes de continuar sua navega\u00e7\u00e3o. Moldblade SL. Como respons\u00e1vel por este site, compromete-se a processar as informa\u00e7\u00f5es dos nossos usu\u00e1rios e clientes com total garantia e cumprir os requisitos nacionais e europeus que regulam a coleta e uso dos dados pessoais dos nossos usu\u00e1rios. Portanto, este site cumpre rigorosamente o RGPD (Regulamento Geral sobre a Prote\u00e7\u00e3o de Dados da UE) e a LSSI-CE (Lei 34\/2002, de 11 de julho, sobre servi\u00e7os da sociedade da informa\u00e7\u00e3o e com\u00e9rcio eletr\u00f4nico).<\/p>\n<p><strong>TERMOS GERAIS DE USO<\/strong><\/p>\n<p>Estes Termos Gerais regulam o uso (incluindo o mero acesso) das p\u00e1ginas da web, integrantes do site <a href=\"http:\/\/luciddev.cat\/moldblade\/\">http:\/\/luciddev.cat\/moldblade\/<\/a>, incluindo o conte\u00fado e servi\u00e7os disponibilizados nelas. Qualquer pessoa que acesse o site <a href=\"http:\/\/luciddev.cat\/moldblade\/\">http:\/\/luciddev.cat\/moldblade\/<\/a> (&#8216;Usu\u00e1rio&#8217;) aceita se submeter aos Termos Gerais vigentes a qualquer momento no portal <a href=\"http:\/\/luciddev.cat\/moldblade\/\">http:\/\/luciddev.cat\/moldblade\/<\/a><\/p>\n<p>COMPROMISSOS E OBRIGA\u00c7\u00d5ES DO USU\u00c1RIO<\/p>\n<p>O usu\u00e1rio \u00e9 informado e concorda que o acesso a este site n\u00e3o implica, de forma alguma, o in\u00edcio de uma rela\u00e7\u00e3o comercial com <a href=\"http:\/\/luciddev.cat\/moldblade\/\">http:\/\/luciddev.cat\/moldblade\/<\/a>. Dessa forma, o usu\u00e1rio compromete-se a utilizar o site, seus servi\u00e7os e conte\u00fados sem infringir a legisla\u00e7\u00e3o vigente, a boa-f\u00e9 e a ordem p\u00fablica. O uso do site com prop\u00f3sitos il\u00edcitos ou prejudiciais, ou que de qualquer forma possam causar danos ou impedir o funcionamento normal do site, \u00e9 proibido. Em rela\u00e7\u00e3o ao conte\u00fado deste site, fica proibida a sua reprodu\u00e7\u00e3o, distribui\u00e7\u00e3o ou modifica\u00e7\u00e3o total ou parcial, a menos que haja autoriza\u00e7\u00e3o dos leg\u00edtimos titulares; qualquer viola\u00e7\u00e3o dos direitos do provedor ou dos leg\u00edtimos titulares; seu uso para fins comerciais ou publicit\u00e1rios. Ao usar o site <a href=\"http:\/\/luciddev.cat\/moldblade\/\">http:\/\/luciddev.cat\/moldblade\/<\/a>, o usu\u00e1rio compromete-se a n\u00e3o realizar condutas que possam prejudicar a imagem, interesses e direitos de <a href=\"http:\/\/luciddev.cat\/moldblade\/\">http:\/\/luciddev.cat\/moldblade\/<\/a> ou de terceiros, ou que possam danificar, desativar ou sobrecarregar o portal (indicar dom\u00ednio) ou impedir, de qualquer forma, o uso normal do site. No entanto, o usu\u00e1rio deve estar ciente de que as medidas de seguran\u00e7a dos sistemas inform\u00e1ticos na Internet n\u00e3o s\u00e3o completamente confi\u00e1veis e, portanto, <a href=\"http:\/\/luciddev.cat\/moldblade\/\">http:\/\/luciddev.cat\/moldblade\/<\/a> n\u00e3o pode garantir a inexist\u00eancia de v\u00edrus ou outros elementos que possam alterar os sistemas inform\u00e1ticos (software e hardware) do usu\u00e1rio ou seus documentos eletr\u00f4nicos e arquivos neles contidos.<\/p>\n<p><strong>MEDIDAS DE SEGURAN\u00c7A<\/strong><\/p>\n<p>Os dados pessoais comunicados pelo usu\u00e1rio a <a href=\"http:\/\/luciddev.cat\/moldblade\/\">http:\/\/luciddev.cat\/moldblade\/<\/a> podem ser armazenados em bancos de dados automatizados ou n\u00e3o, cuja titularidade pertence exclusivamente a <a href=\"http:\/\/luciddev.cat\/moldblade\/\">http:\/\/luciddev.cat\/moldblade\/<\/a>, assumindo esta todas as medidas de natureza t\u00e9cnica, organizacional e de seguran\u00e7a que garantem a confidencialidade, integridade e qualidade das informa\u00e7\u00f5es contidas, de acordo com o estabelecido na legisla\u00e7\u00e3o vigente em prote\u00e7\u00e3o de dados. A comunica\u00e7\u00e3o entre os usu\u00e1rios e <a href=\"http:\/\/luciddev.cat\/moldblade\/\">http:\/\/luciddev.cat\/moldblade\/<\/a> utiliza um canal seguro, e os dados transmitidos s\u00e3o criptografados por meio de protocolos https, portanto, garantimos as melhores condi\u00e7\u00f5es de seguran\u00e7a para a confidencialidade dos usu\u00e1rios.<\/p>\n<p><strong>RECLAMA\u00c7\u00d5ES<\/strong><\/p>\n<p><a href=\"http:\/\/luciddev.cat\/moldblade\/\">http:\/\/luciddev.cat\/moldblade\/<\/a> informa que existem folhas de reclama\u00e7\u00e3o dispon\u00edveis para usu\u00e1rios e clientes. O usu\u00e1rio pode fazer reclama\u00e7\u00f5es solicitando sua folha de reclama\u00e7\u00e3o ou enviando um e-mail para <a href=\"mailto:administracion@moldblade.com\">administracion@moldblade.com<\/a> indicando seu nome e sobrenome, o servi\u00e7o e\/ou produto adquirido e expondo os motivos de sua reclama\u00e7\u00e3o. O usu\u00e1rio\/comprador pode nos notificar a reclama\u00e7\u00e3o, seja por e-mail para: <a href=\"mailto:administracion@moldblade.com\">administracion@moldblade.com<\/a>, se desejar, anexando o seguinte formul\u00e1rio de reclama\u00e7\u00e3o: O servi\u00e7o\/produto: Adquirido em: Nome do usu\u00e1rio: Endere\u00e7o do usu\u00e1rio: Assinatura do usu\u00e1rio (apenas se em papel): Data: Motivo da reclama\u00e7\u00e3o:<\/p>\n<p><strong>PLATAFORMA DE RESOLU\u00c7\u00c3O DE CONFLITOS<\/strong><\/p>\n<p>Caso seja do seu interesse, para submeter suas reclama\u00e7\u00f5es, voc\u00ea tamb\u00e9m pode utilizar a plataforma de resolu\u00e7\u00e3o de lit\u00edgios fornecida pela Comiss\u00e3o Europeia, dispon\u00edvel no seguinte link: <a href=\"http:\/\/ec.europa.eu\/consumers\/odr\/\">http:\/\/ec.europa.eu\/consumers\/odr\/<\/a><\/p>\n<p>DIREITOS DE PROPRIEDADE INTELECTUAL E INDUSTRIAL<\/p>\n<p>De acordo com o disposto nos artigos 8 e 32.1, segundo par\u00e1grafo, da Lei de Propriedade Intelectual, fica expressamente proibida a reprodu\u00e7\u00e3o, distribui\u00e7\u00e3o e comunica\u00e7\u00e3o p\u00fablica, incluindo a sua modalidade de disponibiliza\u00e7\u00e3o, de todo ou parte do conte\u00fado deste site, para fins comerciais, em qualquer suporte e por qualquer meio t\u00e9cnico, sem a autoriza\u00e7\u00e3o de <a href=\"http:\/\/luciddev.cat\/moldblade\/\">http:\/\/luciddev.cat\/moldblade\/<\/a>. O usu\u00e1rio compromete-se a respeitar os direitos de Propriedade Intelectual e Industrial de <a href=\"http:\/\/luciddev.cat\/moldblade\/\">http:\/\/luciddev.cat\/moldblade\/<\/a>. O usu\u00e1rio reconhece e aceita que todo o site, incluindo, de forma n\u00e3o exaustiva, o texto, software, conte\u00fados (incluindo a estrutura, sele\u00e7\u00e3o, organiza\u00e7\u00e3o e apresenta\u00e7\u00e3o dos mesmos), podcasts, fotografias, material audiovisual e gr\u00e1ficos, est\u00e1 protegido por marcas, direitos autorais e outros direitos leg\u00edtimos, de acordo com os tratados internacionais dos quais a Espanha \u00e9 parte e outras leis de propriedade e direitos da Espanha. No caso de um usu\u00e1rio ou terceiro considerar que houve viola\u00e7\u00e3o de seus leg\u00edtimos direitos de propriedade intelectual pela inclus\u00e3o de um determinado conte\u00fado no site, deve notificar tal circunst\u00e2ncia a <a href=\"http:\/\/luciddev.cat\/moldblade\/\">http:\/\/luciddev.cat\/moldblade\/<\/a>, indicando: Dados pessoais do interessado, titular dos direitos supostamente infringidos, ou indicar a representa\u00e7\u00e3o com a qual atua caso a reclama\u00e7\u00e3o seja apresentada por um terceiro diferente do interessado. Indicar os conte\u00fados protegidos pelos direitos de propriedade intelectual e sua localiza\u00e7\u00e3o no site, a comprova\u00e7\u00e3o dos direitos de propriedade intelectual indicados e uma declara\u00e7\u00e3o expressa na qual o interessado assume a responsabilidade pela veracidade das informa\u00e7\u00f5es fornecidas na notifica\u00e7\u00e3o.<\/p>\n<div class=\"min-h-[20px] text-message flex flex-col items-start gap-3 whitespace-pre-wrap break-words [.text-message+&amp;]:mt-5 overflow-x-auto\" data-message-author-role=\"assistant\" data-message-id=\"5398c1ce-4892-46f3-8ca6-29cf983205f3\">\n<div class=\"markdown prose w-full break-words dark:prose-invert light\">\n<p><strong>LINKS EXTERNOS<\/strong><\/p>\n<p>As p\u00e1ginas do site <a href=\"http:\/\/luciddev.cat\/moldblade\/\">http:\/\/luciddev.cat\/moldblade\/<\/a> podem fornecer links para outros sites pr\u00f3prios e conte\u00fados que s\u00e3o propriedade de terceiros. O \u00fanico objetivo dos links \u00e9 proporcionar ao Usu\u00e1rio a possibilidade de acessar esses links. <a href=\"http:\/\/luciddev.cat\/moldblade\/\">http:\/\/luciddev.cat\/moldblade\/<\/a> n\u00e3o se responsabiliza de forma alguma pelos resultados que possam derivar para o Usu\u00e1rio ao acessar esses links. Al\u00e9m disso, o usu\u00e1rio encontrar\u00e1 dentro deste site p\u00e1ginas, promo\u00e7\u00f5es, programas de afiliados que acessam os h\u00e1bitos de navega\u00e7\u00e3o dos usu\u00e1rios para estabelecer perfis. Essas informa\u00e7\u00f5es s\u00e3o sempre an\u00f4nimas e n\u00e3o identificam o usu\u00e1rio. As informa\u00e7\u00f5es fornecidas nesses Sites patrocinados ou links de afiliados est\u00e3o sujeitas \u00e0s pol\u00edticas de privacidade utilizadas nesses Sites e n\u00e3o est\u00e3o sujeitas a esta pol\u00edtica de privacidade. Portanto, recomendamos fortemente que os Usu\u00e1rios revisem detalhadamente as pol\u00edticas de privacidade dos links de afiliados. O Usu\u00e1rio que pretender estabelecer qualquer dispositivo t\u00e9cnico de link de seu site para o portal <a href=\"http:\/\/luciddev.cat\/moldblade\/\">http:\/\/luciddev.cat\/moldblade\/<\/a> dever\u00e1 obter autoriza\u00e7\u00e3o pr\u00e9via e por escrito de <a href=\"http:\/\/luciddev.cat\/moldblade\/\">http:\/\/luciddev.cat\/moldblade\/<\/a>. O estabelecimento do link n\u00e3o implica de forma alguma a exist\u00eancia de rela\u00e7\u00f5es entre <a href=\"http:\/\/luciddev.cat\/moldblade\/\">http:\/\/luciddev.cat\/moldblade\/<\/a> e o propriet\u00e1rio do site no qual o link \u00e9 estabelecido, nem a aceita\u00e7\u00e3o ou aprova\u00e7\u00e3o por parte de <a href=\"http:\/\/luciddev.cat\/moldblade\/\">http:\/\/luciddev.cat\/moldblade\/<\/a> de seus conte\u00fados ou servi\u00e7os.<\/p>\n<p><strong>POL\u00cdTICA DE COMENT\u00c1RIOS<\/strong><\/p>\n<p>Em nosso site s\u00e3o permitidos coment\u00e1rios para enriquecer o conte\u00fado e fazer consultas. N\u00e3o ser\u00e3o aceitos coment\u00e1rios que n\u00e3o estejam relacionados ao tema deste site, que incluam difama\u00e7\u00f5es, insultos, ataques pessoais ou falta de respeito em geral ao autor ou a outros membros. Tamb\u00e9m ser\u00e3o exclu\u00eddos os coment\u00e1rios que contenham informa\u00e7\u00f5es obviamente enganosas ou falsas, bem como os coment\u00e1rios que contenham informa\u00e7\u00f5es pessoais, como endere\u00e7os privados ou n\u00fameros de telefone, que violem nossa pol\u00edtica de prote\u00e7\u00e3o de dados. Tamb\u00e9m ser\u00e3o desconsiderados coment\u00e1rios criados apenas para fins promocionais de um site, pessoa ou grupo e tudo o que possa ser considerado spam em geral. N\u00e3o s\u00e3o permitidos coment\u00e1rios an\u00f4nimos, bem como aqueles feitos pela mesma pessoa com diferentes apelidos. Tamb\u00e9m n\u00e3o ser\u00e3o considerados coment\u00e1rios que tentem for\u00e7ar um debate ou uma tomada de posi\u00e7\u00e3o por outro usu\u00e1rio.<\/p>\n<p><strong>EXCLUS\u00c3O DE GARANTIAS E RESPONSABILIDADE<\/strong><\/p>\n<p>O Prestador n\u00e3o concede nenhuma garantia nem se responsabiliza, em nenhum caso, pelos danos de qualquer natureza que possam decorrer de: A falta de disponibilidade, manuten\u00e7\u00e3o e funcionamento efetivo do site, ou de seus servi\u00e7os e conte\u00fados; A exist\u00eancia de v\u00edrus, programas maliciosos ou lesivos nos conte\u00fados; O uso ilegal, negligente, fraudulento ou contr\u00e1rio a este Aviso Legal; A falta de licitude, qualidade, confiabilidade, utilidade e disponibilidade dos servi\u00e7os prestados por terceiros e disponibilizados aos usu\u00e1rios no site. O provedor n\u00e3o<\/p>\n<\/div>\n<\/div>\n<div class=\"min-h-[20px] text-message flex flex-col items-start gap-3 whitespace-pre-wrap break-words [.text-message+&amp;]:mt-5 overflow-x-auto\" data-message-author-role=\"assistant\" data-message-id=\"b1942b92-f3ed-4f17-b5c1-9f55b3bcb88c\">\n<div class=\"markdown prose w-full break-words dark:prose-invert light\">\n<p>se responsabiliza, sob nenhuma circunst\u00e2ncia, pelos danos que possam surgir do uso ilegal ou indevido deste site.<\/p>\n<p><strong>LEI APLIC\u00c1VEL E JURISDI\u00c7\u00c3O<\/strong><\/p>\n<p>Em geral, as rela\u00e7\u00f5es entre <a href=\"http:\/\/luciddev.cat\/moldblade\/\">http:\/\/luciddev.cat\/moldblade\/<\/a> e os Usu\u00e1rios de seus servi\u00e7os telem\u00e1ticos, presentes neste site, est\u00e3o sujeitas \u00e0 legisla\u00e7\u00e3o e jurisdi\u00e7\u00e3o espanholas e aos tribunais.<\/p>\n<p><strong>CONTATO<\/strong><\/p>\n<p>Caso algum Usu\u00e1rio tenha alguma d\u00favida sobre estas Condi\u00e7\u00f5es legais ou algum coment\u00e1rio sobre o portal <a href=\"http:\/\/luciddev.cat\/moldblade\/\">http:\/\/luciddev.cat\/moldblade\/<\/a>, por favor, entre em contato atrav\u00e9s de <a href=\"mailto:administracion@moldblade.com\">administracion@moldblade.com<\/a>. Em nome da equipe da Moldblade SL., agradecemos o tempo dedicado para ler este Aviso Legal.<\/p>\n<\/div>\n<\/div>\n\t\t\t\t\t\t\t\t<\/div>\n\t\t\t\t<\/div>\n\t\t\t\t\t<\/div>\n\t\t<\/div>\n\t\t\t\t\t<\/div>\n\t\t<\/section>\n\t\t\t\t<\/div>\n\t\t","protected":false},"excerpt":{"rendered":"<p>Aviso Legal e Termos de Uso Neste espa\u00e7o, o <\/p>\n","protected":false},"author":2,"featured_media":0,"parent":0,"menu_order":0,"comment_status":"closed","ping_status":"closed","template":"","meta":{"_acf_changed":false,"_monsterinsights_skip_tracking":false,"_monsterinsights_sitenote_active":false,"_monsterinsights_sitenote_note":"","_monsterinsights_sitenote_category":0,"footnotes":""},"class_list":["post-20482","page","type-page","status-publish","hentry"],"acf":[],"yoast_head":"<!-- This site is optimized with the Yoast SEO plugin v27.1.1 - https:\/\/yoast.com\/product\/yoast-seo-wordpress\/ -->\n<title>Aviso Legal - Moldblade<\/title>\n<meta name=\"description\" content=\"Aviso Legal e Termos de Uso Neste espa\u00e7o, o USU\u00c1RIO pode encontrar todas as informa\u00e7\u00f5es relativas aos termos e condi\u00e7\u00f5es legais que definem as rela\u00e7\u00f5es - Aviso Legal\" \/>\n<meta name=\"robots\" content=\"index, follow, max-snippet:-1, max-image-preview:large, max-video-preview:-1\" \/>\n<link rel=\"canonical\" href=\"https:\/\/moldblade.com\/pt-pt\/aviso-legal\/\" \/>\n<meta property=\"og:locale\" content=\"pt_PT\" \/>\n<meta property=\"og:type\" content=\"article\" \/>\n<meta property=\"og:title\" content=\"Aviso Legal - Moldblade\" \/>\n<meta property=\"og:description\" content=\"Aviso Legal e Termos de Uso Neste espa\u00e7o, o USU\u00c1RIO pode encontrar todas as informa\u00e7\u00f5es relativas aos termos e condi\u00e7\u00f5es legais que definem as rela\u00e7\u00f5es - Aviso Legal\" \/>\n<meta property=\"og:url\" content=\"https:\/\/moldblade.com\/pt-pt\/aviso-legal\/\" \/>\n<meta property=\"og:site_name\" content=\"Moldblade\" \/>\n<meta property=\"article:modified_time\" content=\"2023-12-11T09:28:35+00:00\" \/>\n<meta name=\"twitter:card\" content=\"summary_large_image\" \/>\n<meta name=\"twitter:label1\" content=\"Tempo estimado de leitura\" \/>\n\t<meta name=\"twitter:data1\" content=\"8 minutos\" \/>\n<script type=\"application\/ld+json\" class=\"yoast-schema-graph\">{\"@context\":\"https:\/\/schema.org\",\"@graph\":[{\"@type\":\"WebPage\",\"@id\":\"https:\/\/moldblade.com\/pt-pt\/aviso-legal\/\",\"url\":\"https:\/\/moldblade.com\/pt-pt\/aviso-legal\/\",\"name\":\"Aviso Legal - Moldblade\",\"isPartOf\":{\"@id\":\"https:\/\/moldblade.com\/pt-pt\/#website\"},\"datePublished\":\"2023-12-11T09:07:39+00:00\",\"dateModified\":\"2023-12-11T09:28:35+00:00\",\"description\":\"Aviso Legal e Termos de Uso Neste espa\u00e7o, o USU\u00c1RIO pode encontrar todas as informa\u00e7\u00f5es relativas aos termos e condi\u00e7\u00f5es legais que definem as rela\u00e7\u00f5es - Aviso Legal\",\"breadcrumb\":{\"@id\":\"https:\/\/moldblade.com\/pt-pt\/aviso-legal\/#breadcrumb\"},\"inLanguage\":\"pt-PT\",\"potentialAction\":[{\"@type\":\"ReadAction\",\"target\":[\"https:\/\/moldblade.com\/pt-pt\/aviso-legal\/\"]}]},{\"@type\":\"BreadcrumbList\",\"@id\":\"https:\/\/moldblade.com\/pt-pt\/aviso-legal\/#breadcrumb\",\"itemListElement\":[{\"@type\":\"ListItem\",\"position\":1,\"name\":\"Portada\",\"item\":\"https:\/\/moldblade.com\/pt-pt\/\"},{\"@type\":\"ListItem\",\"position\":2,\"name\":\"Aviso Legal\"}]},{\"@type\":\"WebSite\",\"@id\":\"https:\/\/moldblade.com\/pt-pt\/#website\",\"url\":\"https:\/\/moldblade.com\/pt-pt\/\",\"name\":\"Moldblade\",\"description\":\"\",\"potentialAction\":[{\"@type\":\"SearchAction\",\"target\":{\"@type\":\"EntryPoint\",\"urlTemplate\":\"https:\/\/moldblade.com\/pt-pt\/?s={search_term_string}\"},\"query-input\":{\"@type\":\"PropertyValueSpecification\",\"valueRequired\":true,\"valueName\":\"search_term_string\"}}],\"inLanguage\":\"pt-PT\"}]}<\/script>\n<!-- \/ Yoast SEO plugin. -->","yoast_head_json":{"title":"Aviso Legal - Moldblade","description":"Aviso Legal e Termos de Uso Neste espa\u00e7o, o USU\u00c1RIO pode encontrar todas as informa\u00e7\u00f5es relativas aos termos e condi\u00e7\u00f5es legais que definem as rela\u00e7\u00f5es - Aviso Legal","robots":{"index":"index","follow":"follow","max-snippet":"max-snippet:-1","max-image-preview":"max-image-preview:large","max-video-preview":"max-video-preview:-1"},"canonical":"https:\/\/moldblade.com\/pt-pt\/aviso-legal\/","og_locale":"pt_PT","og_type":"article","og_title":"Aviso Legal - Moldblade","og_description":"Aviso Legal e Termos de Uso Neste espa\u00e7o, o USU\u00c1RIO pode encontrar todas as informa\u00e7\u00f5es relativas aos termos e condi\u00e7\u00f5es legais que definem as rela\u00e7\u00f5es - Aviso Legal","og_url":"https:\/\/moldblade.com\/pt-pt\/aviso-legal\/","og_site_name":"Moldblade","article_modified_time":"2023-12-11T09:28:35+00:00","twitter_card":"summary_large_image","twitter_misc":{"Tempo estimado de leitura":"8 minutos"},"schema":{"@context":"https:\/\/schema.org","@graph":[{"@type":"WebPage","@id":"https:\/\/moldblade.com\/pt-pt\/aviso-legal\/","url":"https:\/\/moldblade.com\/pt-pt\/aviso-legal\/","name":"Aviso Legal - Moldblade","isPartOf":{"@id":"https:\/\/moldblade.com\/pt-pt\/#website"},"datePublished":"2023-12-11T09:07:39+00:00","dateModified":"2023-12-11T09:28:35+00:00","description":"Aviso Legal e Termos de Uso Neste espa\u00e7o, o USU\u00c1RIO pode encontrar todas as informa\u00e7\u00f5es relativas aos termos e condi\u00e7\u00f5es legais que definem as rela\u00e7\u00f5es - Aviso Legal","breadcrumb":{"@id":"https:\/\/moldblade.com\/pt-pt\/aviso-legal\/#breadcrumb"},"inLanguage":"pt-PT","potentialAction":[{"@type":"ReadAction","target":["https:\/\/moldblade.com\/pt-pt\/aviso-legal\/"]}]},{"@type":"BreadcrumbList","@id":"https:\/\/moldblade.com\/pt-pt\/aviso-legal\/#breadcrumb","itemListElement":[{"@type":"ListItem","position":1,"name":"Portada","item":"https:\/\/moldblade.com\/pt-pt\/"},{"@type":"ListItem","position":2,"name":"Aviso Legal"}]},{"@type":"WebSite","@id":"https:\/\/moldblade.com\/pt-pt\/#website","url":"https:\/\/moldblade.com\/pt-pt\/","name":"Moldblade","description":"","potentialAction":[{"@type":"SearchAction","target":{"@type":"EntryPoint","urlTemplate":"https:\/\/moldblade.com\/pt-pt\/?s={search_term_string}"},"query-input":{"@type":"PropertyValueSpecification","valueRequired":true,"valueName":"search_term_string"}}],"inLanguage":"pt-PT"}]}},"_links":{"self":[{"href":"https:\/\/moldblade.com\/pt-pt\/wp-json\/wp\/v2\/pages\/20482","targetHints":{"allow":["GET"]}}],"collection":[{"href":"https:\/\/moldblade.com\/pt-pt\/wp-json\/wp\/v2\/pages"}],"about":[{"href":"https:\/\/moldblade.com\/pt-pt\/wp-json\/wp\/v2\/types\/page"}],"author":[{"embeddable":true,"href":"https:\/\/moldblade.com\/pt-pt\/wp-json\/wp\/v2\/users\/2"}],"replies":[{"embeddable":true,"href":"https:\/\/moldblade.com\/pt-pt\/wp-json\/wp\/v2\/comments?post=20482"}],"version-history":[{"count":3,"href":"https:\/\/moldblade.com\/pt-pt\/wp-json\/wp\/v2\/pages\/20482\/revisions"}],"predecessor-version":[{"id":20496,"href":"https:\/\/moldblade.com\/pt-pt\/wp-json\/wp\/v2\/pages\/20482\/revisions\/20496"}],"wp:attachment":[{"href":"https:\/\/moldblade.com\/pt-pt\/wp-json\/wp\/v2\/media?parent=20482"}],"curies":[{"name":"wp","href":"https:\/\/api.w.org\/{rel}","templated":true}]}}