{"id":16335,"date":"2020-10-21T12:57:10","date_gmt":"2020-10-21T12:57:10","guid":{"rendered":"https:\/\/moldblade.com\/avertissement-legal\/"},"modified":"2020-11-19T10:07:58","modified_gmt":"2020-11-19T10:07:58","slug":"avertissement-legal","status":"publish","type":"page","link":"https:\/\/moldblade.com\/fr\/avertissement-legal\/","title":{"rendered":"Avertissement l\u00e9gal"},"content":{"rendered":"<style>.elementor-widget-text-editor{font-family:var( --e-global-typography-text-font-family ), Sans-serif;font-weight:var( --e-global-typography-text-font-weight );color:var( --e-global-color-text );}.elementor-widget-text-editor.elementor-drop-cap-view-stacked .elementor-drop-cap{background-color:var( --e-global-color-primary );}.elementor-widget-text-editor.elementor-drop-cap-view-framed .elementor-drop-cap, .elementor-widget-text-editor.elementor-drop-cap-view-default .elementor-drop-cap{color:var( --e-global-color-primary );border-color:var( --e-global-color-primary );}<\/style>\t\t<div data-elementor-type=\"wp-page\" data-elementor-id=\"16335\" class=\"elementor elementor-16335 elementor-4130\" data-elementor-post-type=\"page\">\n\t\t\t\t\t\t<section class=\"elementor-section elementor-top-section elementor-element elementor-element-d5f8af5 elementor-section-boxed elementor-section-height-default elementor-section-height-default\" data-id=\"d5f8af5\" data-element_type=\"section\" data-e-type=\"section\">\n\t\t\t\t\t\t<div class=\"elementor-container elementor-column-gap-default\">\n\t\t\t\t\t<div class=\"elementor-column elementor-col-100 elementor-top-column elementor-element elementor-element-07dfa91\" data-id=\"07dfa91\" data-element_type=\"column\" data-e-type=\"column\">\n\t\t\t<div class=\"elementor-widget-wrap elementor-element-populated\">\n\t\t\t\t\t\t<div class=\"elementor-element elementor-element-483a0b3 elementor-widget elementor-widget-text-editor\" data-id=\"483a0b3\" data-element_type=\"widget\" data-e-type=\"widget\" data-widget_type=\"text-editor.default\">\n\t\t\t\t<div class=\"elementor-widget-container\">\n\t\t\t\t\t\t\t\t\t<p>&nbsp;<\/p>\n<p><strong>TEXTE DE L&rsquo; \u00ab AVERTISSEMENT L\u00c9GAL \u00bb :<\/strong>Avis juridique et conditions d&rsquo;utilisation : Dans cet espace, l&rsquo;UTILISATEUR trouvera toute l&rsquo;information concernant les termes et conditions juridiques qui d\u00e9finissent la relation entre les utilisateurs et nous, en tant que partie responsable de ce site web. En tant qu&rsquo;utilisateur, il est important que vous connaissiez ces termes avant de poursuivre votre navigation. En tant que responsable de ce site web, Moldblade, S.L. s&rsquo;engage \u00e0 traiter les informations de nos utilisateurs et clients avec toutes les garanties, ainsi que de respecter les exigences nationales et europ\u00e9ennes qui r\u00e9glementent la collecte et l&rsquo;utilisation des donn\u00e9es personnelles de nos utilisateurs. LE SITE WEB se conforme donc strictement au RGPD (R\u00c8GLEMENT (UE) 2016\/679 sur la protection des donn\u00e9es) et \u00e0 la LSSI-CE (Loi 34\/2002, du 11 juillet, relative aux services de la soci\u00e9t\u00e9 de l\u2019information et du commerce \u00e9lectronique).<\/p>\n<p>&nbsp;<\/p>\n<p><strong>CONDITIONS G\u00c9N\u00c9RALES D&rsquo;UTILISATION<\/strong><\/p>\n<p>Les pr\u00e9sentes conditions g\u00e9n\u00e9rales r\u00e9gissent l&rsquo;utilisation (y compris le simple acc\u00e8s) que vous faites du site web, constituant le site http:\/\/luciddev.cat\/moldblade\/, ainsi que des contenus et des services qui y sont mis \u00e0 disposition. Toute personne qui acc\u00e8de au site http:\/\/luciddev.cat\/moldblade\/ (\u00ab\u00a0Utilisateur\u00a0\u00bb), accepte d&rsquo;\u00eatre li\u00e9e par les Conditions G\u00e9n\u00e9rales en vigueur \u00e0 chaque moment pour le portail http:\/\/luciddev.cat\/moldblade\/.<\/p>\n<p>&nbsp;<\/p>\n<p><strong>LES DONN\u00c9ES PERSONNELLES QUE NOUS RECUEILLONS ET LA FA\u00c7ON DONT ELLES SONT COLLECT\u00c9ES<\/strong><\/p>\n<p><a href=\"http:\/\/luciddev.cat\/moldblade\/fr\/politique-de-confidentialite\/\">Lire la politique de confidentialit\u00e9<\/a><\/p>\n<p>&nbsp;<\/p>\n<p><strong>OBLIGATIONS ET ENGAGEMENTS DES UTILISATEURS<\/strong><\/p>\n<p>L&rsquo;utilisateur est inform\u00e9 et il\/elle accepte que l&rsquo;acc\u00e8s \u00e0 ce site web n&rsquo;implique en aucun cas le d\u00e9but d&rsquo;une relation commerciale avec http:\/\/luciddev.cat\/moldblade\/. Ainsi, l&rsquo;utilisateur s&rsquo;engage \u00e0 utiliser le site web, ses services et ses contenus, sans contrevenir \u00e0 la l\u00e9gislation en vigueur ni \u00e0 l&rsquo;ordre public et ex\u00e9cut\u00e9s de bonne foi. Il est interdit d&rsquo;utiliser le site web \u00e0 des fins ill\u00e9gales ou nuisibles ou,de quelque mani\u00e8re que ce soit qui pourrait causer des dommages ou emp\u00eacher le fonctionnement normal du site web. En ce qui concerne le contenu du site, il est interdit ce qui suit : sa reproduction, sa distribution ou sa modification, en tout ou en partie, sauf autorisation des propri\u00e9taires l\u00e9gitimes. Toute violation des droits du fournisseur ou des propri\u00e9taires l\u00e9gitimes, ainsi que son utilisation \u00e0 des fins commerciales ou publicitaires sont \u00e9galement interdits. Lors de l&rsquo;utilisation du site web http:\/\/luciddev.cat\/moldblade\/, l&rsquo;utilisateur s&rsquo;engage \u00e0 ne pas adopter un comportement susceptible de nuire \u00e0 l&rsquo;image, aux int\u00e9r\u00eats ni aux droits de http:\/\/luciddev.cat\/moldblade\/ ou de tiers, ou qui pourrait endommager, d\u00e9sactiver ou surcharger le portail (indiquer le domaine) ou qui emp\u00eacherait, de quelque mani\u00e8re que ce soit, l&rsquo;utilisation normale du site web. Cependant, l&rsquo;Utilisateur doit \u00eatre conscient que les mesures de s\u00e9curit\u00e9 des syst\u00e8mes informatiques sur Internet ne sont pas enti\u00e8rement fiables et que, par cons\u00e9quent, http:\/\/luciddev.cat\/moldblade\/ ne peut pas garantir l&rsquo;absence de virus ou d&rsquo;autres \u00e9l\u00e9ments qui pourraient produire des alt\u00e9rations dans les syst\u00e8mes informatiques de l&rsquo;Utilisateur (logiciels et mat\u00e9riels) ou dans leurs documents \u00e9lectroniques et fichiers contenus dans ceux-ci.<\/p>\n<p>&nbsp;<\/p>\n<p><strong>MESURES DE S\u00c9CURIT\u00c9<\/strong><\/p>\n<p>Les donn\u00e9es personnelles fournies par l&rsquo;utilisateur \u00e0 http:\/\/luciddev.cat\/moldblade\/ peuvent \u00eatre stock\u00e9es dans des bases de donn\u00e9es automatis\u00e9es ou non, dont la propri\u00e9t\u00e9 correspond exclusivement \u00e0 http:\/\/luciddev.cat\/moldblade\/. Ce site assume toutes les mesures techniques, organisationnelles et de s\u00e9curit\u00e9 garantissant la confidentialit\u00e9, l&rsquo;int\u00e9grit\u00e9 et la qualit\u00e9 des informations qui y sont contenues, conform\u00e9ment aux dispositions du r\u00e8glement g\u00e9n\u00e9ral sur la protection des donn\u00e9es (RGPD) en vigueur. La communication entre les utilisateurs et le site http:\/\/luciddev.cat\/moldblade\/ est un canal s\u00e9curis\u00e9. Les donn\u00e9es transmises sont crypt\u00e9es gr\u00e2ce aux protocoles https, de sorte que nous garantissons les meilleures conditions de s\u00e9curit\u00e9 pour assurer la confidentialit\u00e9 des utilisateurs.<\/p>\n<p>&nbsp;<\/p>\n<p><strong>PLAINTES <\/strong><\/p>\n<p>http:\/\/luciddev.cat\/moldblade\/ vous communique que des formulaires de plainte sont mis \u00e0 la disposition des utilisateurs et des clients. Les utilisateurs peuvent faire une r\u00e9clamation en demandant un formulaire de plainte ou en envoyant un courriel \u00e0 administracion@moldblade.com, tout en indiquant leur nom et leur pr\u00e9nom, le service et\/ou le produit achet\u00e9 et en pr\u00e9cisant les raisons de la plainte. Si vous le souhaitez, en tant qu&rsquo;utilisateur\/ acheteur, vous pouvez nous communiquer votre plainte par courrier \u00e9lectronique \u00e0 l&rsquo;adresse suivante : administracion@moldblade.com, joignant le formulaire de plainte suivant : Le service\/ produit : Acquis \u00e0 la date : Nom de l&rsquo;utilisateur : Adresse de l&rsquo;utilisateur : Signature de l&rsquo;utilisateur (uniquement si pr\u00e9sent\u00e9 sur papier) : Date : Raisons de la r\u00e9clamation :<\/p>\n<p>&nbsp;<\/p>\n<p><strong>PLATE-FORME DE REGL\u00c8MENT DES LITIGES<\/strong><\/p>\n<p>Si vous \u00eates int\u00e9ress\u00e9(e), vous pouvez \u00e9galement utiliser la plate-forme de r\u00e8glement des litiges, mise \u00e0 disposition par la Commission europ\u00e9enne, qui est disponible sur le lien suivant : http:\/\/ec.europa.eu\/consumers\/odr\/<\/p>\n<p>&nbsp;<\/p>\n<p><strong>DROITS DE LA PROPRI\u00c9T\u00c9 INTELLECTUELLE ET INDUSTRIELLE<\/strong><\/p>\n<p>En vertu des dispositions des articles 8 et 32.1, deuxi\u00e8me paragraphe, de la loi sur la propri\u00e9t\u00e9 intellectuelle, la reproduction, la distribution et la communication publique (y comprise la mani\u00e8re dont tout ou une partie du contenu de ce site web est mis \u00e0 disposition \u00e0 des fins commerciales, sur tout support et par tout moyen technique) sans l&rsquo;autorisation du site web http:\/\/luciddev.cat\/moldblade\/ sont express\u00e9ment interdites. L&rsquo;utilisateur s&rsquo;engage \u00e0 respecter les droits de propri\u00e9t\u00e9 intellectuelle et industrielle appartenant \u00e0 http:\/\/luciddev.cat\/moldblade\/. De m\u00eame, l&rsquo;utilisateur sait et accepte que l&rsquo;ensemble du site web, contenant sans limitation le texte, le logiciel, le contenu (y compris la structure, la s\u00e9lection, la disposition et la pr\u00e9sentation de celui-ci), les podcasts, les photographies, le mat\u00e9riel audiovisuel et les graphiques, tout cet ensemble est prot\u00e9g\u00e9 par des marques, des droits d&rsquo;auteur et d&rsquo;autres droits l\u00e9gitimes, conform\u00e9ment aux accords internationaux desquels l&rsquo;Espagne fait partie et aux autres droits de propri\u00e9t\u00e9 et aux lois espagnoles. Dans le cas o\u00f9 un utilisateur ou un tiers estime qu&rsquo;il y a eu une violation de ses droits l\u00e9gitimes de propri\u00e9t\u00e9 intellectuelle en raison de l&rsquo;introduction d&rsquo;un certain contenu sur le site web, il\/elle devra notifier cette circonstance \u00e0 http:\/\/luciddev.cat\/moldblade\/ en indiquant : les donn\u00e9es personnelles de la personne concern\u00e9e qui est le titulaire des droits pr\u00e9tendument viol\u00e9s ou indiquer la repr\u00e9sentation avec laquelle cette personne agit dans le cas o\u00f9 la demande soit present\u00e9e par un tiers autre que la personne int\u00e9ress\u00e9e. Signaler les contenus prot\u00e9g\u00e9s par des droits de propri\u00e9t\u00e9 intellectuelle et leur emplacement sur le site web, l&rsquo;accr\u00e9ditation des droits de propri\u00e9t\u00e9 intellectuelle indiqu\u00e9s et une d\u00e9claration expresse dans laquelle la personee int\u00e9ress\u00e9e assume la responsabilit\u00e9 de la v\u00e9racit\u00e9 des informations fournies dans la notification.<\/p>\n<p>&nbsp;<\/p>\n<p><strong>LIENS EXTERNES<\/strong><\/p>\n<p>Les pages du site http:\/\/luciddev.cat\/moldblade\/ peuvent fournir des liens vers d&rsquo;autres sites web de leur propre initiative et des contenus appartenant \u00e0 des tiers. Le seul but des liens est de fournir \u00e0 l&rsquo;Utilisateur la possibilit\u00e9 d&rsquo;acc\u00e9der \u00e0 ces liens. Le site http:\/\/luciddev.cat\/moldblade\/ n&rsquo;est en aucun cas responsable des r\u00e9sultats qui peuvent \u00eatre obtenus par l&rsquo;Utilisateur en acc\u00e9dant \u00e0 ces liens. Aussi, l&rsquo;utilisateur trouvera dans ce site des pages, des promotions, des programmes d&rsquo;affiliation qui acc\u00e8dent aux habitudes de navigation des utilisateurs dans le but d&rsquo;\u00e9tablir des profils. Ces informations sont toujours anonymes et ne permettent pas d&rsquo;identifier l&rsquo;utilisateur. Les informations fournies sur ces sites sponsoris\u00e9s ou liens affili\u00e9s sont soumises \u00e0 la pr\u00e9sente politique de confidentialit\u00e9 utilis\u00e9e sur ces sites. Elles ne sont pas soumises \u00e0 la pr\u00e9sente politique de confidentialit\u00e9. Par cons\u00e9quent, nous recommandons vivement aux utilisateurs d&rsquo;examiner attentivement les politiques de confidentialit\u00e9 des liens affili\u00e9s. L&rsquo;utilisateur qui entend \u00e9tablir un dispositif technique quelconque en tant que lien entre son site web et le portail web http:\/\/luciddev.cat\/moldblade\/ devra obtenir une autorisation \u00e9crite de la part de http:\/\/luciddev.cat\/moldblade\/. L&rsquo;\u00e9tablissement du lien n&rsquo;implique, en aucun cas, l&rsquo;existence d&rsquo;une relation entre http:\/\/luciddev.cat\/moldblade\/ et le propri\u00e9taire du site web o\u00f9 le lien soit \u00e9tabli, ni l&rsquo;acceptation ou l&rsquo;approbation par http:\/\/luciddev.cat\/moldblade\/ de ses contenus ou services.<\/p>\n<p>&nbsp;<\/p>\n<p><strong>POLITIQUE DE MOD\u00c9RATION DES COMMENTAIRES<\/strong><\/p>\n<p>Sur notre site web, les commentaires sont autoris\u00e9s afin d&rsquo;enrichir le contenu et pour poser des questions. Les commentaires qui ne soient pas li\u00e9s au sujet de ce site web, y compris la diffamation, les insultes, les attaques personnelles ou le manque de respect en g\u00e9n\u00e9ral envers l&rsquo;auteur ou les autres membres, ne seront pas accept\u00e9s. Les commentaires contenant des informations manifestement trompeuses ou fausses, ainsi que les commentaires contenant des informations personnelles, telles que des adresses ou des num\u00e9ros de t\u00e9l\u00e9phone priv\u00e9s, et qui violent notre politique de protection des donn\u00e9es, seront \u00e9galement supprim\u00e9s. Les commentaires cr\u00e9\u00e9s uniquement \u00e0 des fins promotionnelles d&rsquo;un site web, d&rsquo;une personne ou d&rsquo;un groupe, ainsi que tout ce qui pourrait \u00eatre interpr\u00e9t\u00e9 comme du spam en g\u00e9n\u00e9ral, seront \u00e9galement rejet\u00e9s. Les commentaires anonymes, ainsi que ceux faits par la m\u00eame personne sous des surnoms diff\u00e9rents, ne seront pas autoris\u00e9s. Les commentaires qui tentent de forcer un d\u00e9bat ou de prendre position par un autre utilisateur ne seront pas non plus pris en compte.<\/p>\n<p>&nbsp;<\/p>\n<p><strong>EXON\u00c9RATION DE GARANTIES ET LIMITATIONS DE RESPONSABILIT\u00c9<\/strong><\/p>\n<p>Le prestataire ne donne aucune garantie et n&rsquo;est en aucun cas responsable des dommages de quelque nature que ce soit qui pourraient \u00eatre caus\u00e9s par ce qui suit: le manque de disponibilit\u00e9, de maintenance et de fonctionnement efficace du site web, ou de ses services et contenus ; l&rsquo;existence de virus, de programmes malveillants ou nuisibles dans les contenus ; l&rsquo;utilisation illicite, n\u00e9gligente, frauduleuse ou contraire a cet avertissement l\u00e9gal ; ainsi que le manque de l\u00e9galit\u00e9, de qualit\u00e9, de fiabilit\u00e9, d&rsquo;utilit\u00e9 et de disponibilit\u00e9 des services fournis par des tiers et mis \u00e0 la disposition des utilisateurs sur le site web. Le fournisseur n&rsquo;est en aucun cas responsable des dommages pouvant r\u00e9sulter de l&rsquo;utilisation ill\u00e9gale ou inappropri\u00e9e de ce site web.<\/p>\n<p>&nbsp;<\/p>\n<p><strong>DROIT APPLICABLE ET JURIDICTION COMP\u00c9TENTE<\/strong><\/p>\n<p>En g\u00e9n\u00e9ral, les relations entre le site web http:\/\/luciddev.cat\/moldblade\/ et les utilisateurs de ses services t\u00e9l\u00e9matiques, pr\u00e9sents sur ce site web, sont soumises \u00e0 la l\u00e9gislation et \u00e0 la juridiction espagnole.<\/p>\n<p>&nbsp;<\/p>\n<p><strong>CONTACTEZ-NOUS<\/strong><\/p>\n<p>Si vous avez des questions relatives \u00e0 ces conditions l\u00e9gales ou des commentaires sur le site web http:\/\/luciddev.cat\/moldblade\/, veuillez contacter administracion@moldblade.com. De la part de l&rsquo;\u00e9quipe Moldblade, S.L. nous vous remercions d&rsquo;avoir pris le temps de lire cet avertissement l\u00e9gal.<\/p>\n\t\t\t\t\t\t\t\t<\/div>\n\t\t\t\t<\/div>\n\t\t\t\t\t<\/div>\n\t\t<\/div>\n\t\t\t\t\t<\/div>\n\t\t<\/section>\n\t\t\t\t<\/div>\n\t\t","protected":false},"excerpt":{"rendered":"<p>&nbsp; TEXTE DE L&rsquo; \u00ab AVERTISSEMENT L\u00c9GAL \u00bb :Avis <\/p>\n","protected":false},"author":2,"featured_media":0,"parent":0,"menu_order":0,"comment_status":"closed","ping_status":"closed","template":"","meta":{"_acf_changed":false,"_monsterinsights_skip_tracking":false,"_monsterinsights_sitenote_active":false,"_monsterinsights_sitenote_note":"","_monsterinsights_sitenote_category":0,"footnotes":""},"class_list":["post-16335","page","type-page","status-publish","hentry"],"acf":[],"yoast_head":"<!-- This site is optimized with the Yoast SEO plugin v27.1.1 - https:\/\/yoast.com\/product\/yoast-seo-wordpress\/ -->\n<title>Avertissement l\u00e9gal - Moldblade<\/title>\n<meta name=\"description\" content=\"&nbsp; TEXTE DE L&#039; \u00ab AVERTISSEMENT L\u00c9GAL \u00bb :Avis juridique et conditions d&#039;utilisation : Dans cet espace, l&#039;UTILISATEUR trouvera toute l&#039;information - Avertissement l\u00e9gal\" \/>\n<meta name=\"robots\" content=\"index, follow, max-snippet:-1, max-image-preview:large, max-video-preview:-1\" \/>\n<link rel=\"canonical\" href=\"https:\/\/moldblade.com\/fr\/avertissement-legal\/\" \/>\n<meta property=\"og:locale\" content=\"fr_FR\" \/>\n<meta property=\"og:type\" content=\"article\" \/>\n<meta property=\"og:title\" content=\"Avertissement l\u00e9gal - Moldblade\" \/>\n<meta property=\"og:description\" content=\"&nbsp; TEXTE DE L&#039; \u00ab AVERTISSEMENT L\u00c9GAL \u00bb :Avis juridique et conditions d&#039;utilisation : Dans cet espace, l&#039;UTILISATEUR trouvera toute l&#039;information - Avertissement l\u00e9gal\" \/>\n<meta property=\"og:url\" content=\"https:\/\/moldblade.com\/fr\/avertissement-legal\/\" \/>\n<meta property=\"og:site_name\" content=\"Moldblade\" \/>\n<meta property=\"article:modified_time\" content=\"2020-11-19T10:07:58+00:00\" \/>\n<meta name=\"twitter:card\" content=\"summary_large_image\" \/>\n<meta name=\"twitter:label1\" content=\"Dur\u00e9e de lecture estim\u00e9e\" \/>\n\t<meta name=\"twitter:data1\" content=\"9 minutes\" \/>\n<script type=\"application\/ld+json\" class=\"yoast-schema-graph\">{\"@context\":\"https:\/\/schema.org\",\"@graph\":[{\"@type\":\"WebPage\",\"@id\":\"https:\/\/moldblade.com\/fr\/avertissement-legal\/\",\"url\":\"https:\/\/moldblade.com\/fr\/avertissement-legal\/\",\"name\":\"Avertissement l\u00e9gal - Moldblade\",\"isPartOf\":{\"@id\":\"https:\/\/moldblade.com\/fr\/#website\"},\"datePublished\":\"2020-10-21T12:57:10+00:00\",\"dateModified\":\"2020-11-19T10:07:58+00:00\",\"description\":\"&nbsp; TEXTE DE L' \u00ab AVERTISSEMENT L\u00c9GAL \u00bb :Avis juridique et conditions d'utilisation : Dans cet espace, l'UTILISATEUR trouvera toute l'information - Avertissement l\u00e9gal\",\"breadcrumb\":{\"@id\":\"https:\/\/moldblade.com\/fr\/avertissement-legal\/#breadcrumb\"},\"inLanguage\":\"fr-FR\",\"potentialAction\":[{\"@type\":\"ReadAction\",\"target\":[\"https:\/\/moldblade.com\/fr\/avertissement-legal\/\"]}]},{\"@type\":\"BreadcrumbList\",\"@id\":\"https:\/\/moldblade.com\/fr\/avertissement-legal\/#breadcrumb\",\"itemListElement\":[{\"@type\":\"ListItem\",\"position\":1,\"name\":\"Portada\",\"item\":\"https:\/\/moldblade.com\/fr\/\"},{\"@type\":\"ListItem\",\"position\":2,\"name\":\"Avertissement l\u00e9gal\"}]},{\"@type\":\"WebSite\",\"@id\":\"https:\/\/moldblade.com\/fr\/#website\",\"url\":\"https:\/\/moldblade.com\/fr\/\",\"name\":\"Moldblade\",\"description\":\"\",\"potentialAction\":[{\"@type\":\"SearchAction\",\"target\":{\"@type\":\"EntryPoint\",\"urlTemplate\":\"https:\/\/moldblade.com\/fr\/?s={search_term_string}\"},\"query-input\":{\"@type\":\"PropertyValueSpecification\",\"valueRequired\":true,\"valueName\":\"search_term_string\"}}],\"inLanguage\":\"fr-FR\"}]}<\/script>\n<!-- \/ Yoast SEO plugin. -->","yoast_head_json":{"title":"Avertissement l\u00e9gal - Moldblade","description":"&nbsp; TEXTE DE L' \u00ab AVERTISSEMENT L\u00c9GAL \u00bb :Avis juridique et conditions d'utilisation : Dans cet espace, l'UTILISATEUR trouvera toute l'information - Avertissement l\u00e9gal","robots":{"index":"index","follow":"follow","max-snippet":"max-snippet:-1","max-image-preview":"max-image-preview:large","max-video-preview":"max-video-preview:-1"},"canonical":"https:\/\/moldblade.com\/fr\/avertissement-legal\/","og_locale":"fr_FR","og_type":"article","og_title":"Avertissement l\u00e9gal - Moldblade","og_description":"&nbsp; TEXTE DE L' \u00ab AVERTISSEMENT L\u00c9GAL \u00bb :Avis juridique et conditions d'utilisation : Dans cet espace, l'UTILISATEUR trouvera toute l'information - Avertissement l\u00e9gal","og_url":"https:\/\/moldblade.com\/fr\/avertissement-legal\/","og_site_name":"Moldblade","article_modified_time":"2020-11-19T10:07:58+00:00","twitter_card":"summary_large_image","twitter_misc":{"Dur\u00e9e de lecture estim\u00e9e":"9 minutes"},"schema":{"@context":"https:\/\/schema.org","@graph":[{"@type":"WebPage","@id":"https:\/\/moldblade.com\/fr\/avertissement-legal\/","url":"https:\/\/moldblade.com\/fr\/avertissement-legal\/","name":"Avertissement l\u00e9gal - Moldblade","isPartOf":{"@id":"https:\/\/moldblade.com\/fr\/#website"},"datePublished":"2020-10-21T12:57:10+00:00","dateModified":"2020-11-19T10:07:58+00:00","description":"&nbsp; TEXTE DE L' \u00ab AVERTISSEMENT L\u00c9GAL \u00bb :Avis juridique et conditions d'utilisation : Dans cet espace, l'UTILISATEUR trouvera toute l'information - Avertissement l\u00e9gal","breadcrumb":{"@id":"https:\/\/moldblade.com\/fr\/avertissement-legal\/#breadcrumb"},"inLanguage":"fr-FR","potentialAction":[{"@type":"ReadAction","target":["https:\/\/moldblade.com\/fr\/avertissement-legal\/"]}]},{"@type":"BreadcrumbList","@id":"https:\/\/moldblade.com\/fr\/avertissement-legal\/#breadcrumb","itemListElement":[{"@type":"ListItem","position":1,"name":"Portada","item":"https:\/\/moldblade.com\/fr\/"},{"@type":"ListItem","position":2,"name":"Avertissement l\u00e9gal"}]},{"@type":"WebSite","@id":"https:\/\/moldblade.com\/fr\/#website","url":"https:\/\/moldblade.com\/fr\/","name":"Moldblade","description":"","potentialAction":[{"@type":"SearchAction","target":{"@type":"EntryPoint","urlTemplate":"https:\/\/moldblade.com\/fr\/?s={search_term_string}"},"query-input":{"@type":"PropertyValueSpecification","valueRequired":true,"valueName":"search_term_string"}}],"inLanguage":"fr-FR"}]}},"_links":{"self":[{"href":"https:\/\/moldblade.com\/fr\/wp-json\/wp\/v2\/pages\/16335","targetHints":{"allow":["GET"]}}],"collection":[{"href":"https:\/\/moldblade.com\/fr\/wp-json\/wp\/v2\/pages"}],"about":[{"href":"https:\/\/moldblade.com\/fr\/wp-json\/wp\/v2\/types\/page"}],"author":[{"embeddable":true,"href":"https:\/\/moldblade.com\/fr\/wp-json\/wp\/v2\/users\/2"}],"replies":[{"embeddable":true,"href":"https:\/\/moldblade.com\/fr\/wp-json\/wp\/v2\/comments?post=16335"}],"version-history":[{"count":15,"href":"https:\/\/moldblade.com\/fr\/wp-json\/wp\/v2\/pages\/16335\/revisions"}],"predecessor-version":[{"id":18286,"href":"https:\/\/moldblade.com\/fr\/wp-json\/wp\/v2\/pages\/16335\/revisions\/18286"}],"wp:attachment":[{"href":"https:\/\/moldblade.com\/fr\/wp-json\/wp\/v2\/media?parent=16335"}],"curies":[{"name":"wp","href":"https:\/\/api.w.org\/{rel}","templated":true}]}}