{"id":16319,"date":"2020-10-19T12:23:16","date_gmt":"2020-10-19T12:23:16","guid":{"rendered":"https:\/\/moldblade.com\/politique-de-confidentialite\/"},"modified":"2020-11-13T23:11:02","modified_gmt":"2020-11-13T23:11:02","slug":"politique-de-confidentialite","status":"publish","type":"page","link":"https:\/\/moldblade.com\/fr\/politique-de-confidentialite\/","title":{"rendered":"Politique de confidentialit\u00e9"},"content":{"rendered":"<style>.elementor-widget-text-editor{font-family:var( --e-global-typography-text-font-family ), Sans-serif;font-weight:var( --e-global-typography-text-font-weight );color:var( --e-global-color-text );}.elementor-widget-text-editor.elementor-drop-cap-view-stacked .elementor-drop-cap{background-color:var( --e-global-color-primary );}.elementor-widget-text-editor.elementor-drop-cap-view-framed .elementor-drop-cap, .elementor-widget-text-editor.elementor-drop-cap-view-default .elementor-drop-cap{color:var( --e-global-color-primary );border-color:var( --e-global-color-primary );}<\/style>\t\t<div data-elementor-type=\"wp-page\" data-elementor-id=\"16319\" class=\"elementor elementor-16319 elementor-3\" data-elementor-post-type=\"page\">\n\t\t\t\t\t\t<section class=\"elementor-section elementor-top-section elementor-element elementor-element-5b39c0dc elementor-section-boxed elementor-section-height-default elementor-section-height-default\" data-id=\"5b39c0dc\" data-element_type=\"section\" data-e-type=\"section\">\n\t\t\t\t\t\t<div class=\"elementor-container elementor-column-gap-default\">\n\t\t\t\t\t<div class=\"elementor-column elementor-col-100 elementor-top-column elementor-element elementor-element-425f5cbb\" data-id=\"425f5cbb\" data-element_type=\"column\" data-e-type=\"column\">\n\t\t\t<div class=\"elementor-widget-wrap elementor-element-populated\">\n\t\t\t\t\t\t<div class=\"elementor-element elementor-element-613a8a8a elementor-widget elementor-widget-text-editor\" data-id=\"613a8a8a\" data-element_type=\"widget\" data-e-type=\"widget\" data-widget_type=\"text-editor.default\">\n\t\t\t\t<div class=\"elementor-widget-container\">\n\t\t\t\t\t\t\t\t\t<h1 class=\"post-title big_title bg_gallery cufon_headings\">Politique de confidentialit\u00e9<\/h1>\n<p><strong>Politique de confidentialit\u00e9<\/strong><\/p>\n<p><strong>LOI SUR LES SERVICES DE LA SOCI\u00c9T\u00c9 DE L&rsquo;INFORMATION (LSSI)<\/strong><\/p>\n<p>Moldblade, S.L. \u00e9tant en charge du site web, ci-apr\u00e8s la PARTIE RESPONSABLE, met \u00e0 la disposition des utilisateurs ce document, avec lequel on entend respecter les obligations \u00e9tablies dans la loi 34\/2002, du 11 juillet, sur les services de la soci\u00e9t\u00e9 de l&rsquo;information et du commerce \u00e9lectronique (LSSI-CE), BOE n\u00ba 166. De m\u00eame, ce document entend informer tous les utilisateurs du site web sur les conditions d&rsquo;utilisation.<\/p>\n<p>Toute personne qui acc\u00e8de \u00e0 ce site web assume le r\u00f4le d&rsquo;utilisateur, s&rsquo;engageant \u00e0 respecter et \u00e0 observer strictement les dispositions \u00e9nonc\u00e9es dans le pr\u00e9sent document, ainsi que toute autre disposition l\u00e9gale qui pourrait \u00eatre applicable.<\/p>\n<p>Moldblade, S.L. se r\u00e9serve le droit de modifier tout type d&rsquo;information pouvant figurer sur le site web, sans aucune obligation de pr\u00e9avis ni d&rsquo;information des utilisateurs par rapport \u00e0 ces obligations ; la publication sur le site web de Moldblade, S.L. \u00e9tant consid\u00e9r\u00e9e comme suffisante.<\/p>\n<p><strong style=\"color: var( --e-global-color-text ); font-family: var( --e-global-typography-text-font-family );\">DONN\u00c9ES D&rsquo;IDENTIFICATION<\/strong><\/p>\n<p>Nom de la soci\u00e9t\u00e9 : Moldblade, S.L.<\/p>\n<p>Nom de domaine : www.moldblade.com<\/p>\n<p>NIF\/ Num\u00e9ro de TVA : B98116742<\/p>\n<p>Domicile fiscal : C\/ CONDE ALTEA, 22, 10 \u2013 VALENCIA (ESPAGNE)<\/p>\n<p>e-mail: administracion@moldblade.com<\/p>\n<p>Inscrite au Registre du Commerce et des Soci\u00e9t\u00e9s : REGISTRO MERCANTIL DE VALENCIA 1\/6\/12\/1.109 FOLIO 161, NUM\u00c9RO DE D\u00c9P\u00d4T : 1\/2009\/4.316,0<\/p>\n<p><strong style=\"color: var( --e-global-color-text ); font-family: var( --e-global-typography-text-font-family );\">DROITS DE LA PROPRI\u00c9T\u00c9 INTELLECTUELLE ET INDUSTRIELLE<\/strong><\/p>\n<p>Le site web, y compris mais de fa\u00e7on non limitative, sa programmation, son \u00e9dition, sa compilation et les autres \u00e9l\u00e9ments n\u00e9cessaires \u00e0 son fonctionnement, ses designs, ses logotypes, ses textes et\/ou graphiques sont propri\u00e9t\u00e9 de la PARTIE RESPONSABLE ou, le cas \u00e9ch\u00e9ant, celle-ci dispose d&rsquo;une licence ou d&rsquo;une autorisation expresse de la part des auteurs. Tous les contenus du site web sont d\u00fbment prot\u00e9g\u00e9s par la r\u00e9glementation sur la propri\u00e9t\u00e9 intellectuelle et industrielle, et sont inscrits dans les registres publics correspondants.<\/p>\n<p>Quel que soit l&rsquo;usage auquel elles sont destin\u00e9es, la reproduction totale ou partielle, l&rsquo;utilisation, l&rsquo;exploitation, la distribution et la commercialisation n\u00e9cessitent, dans tous les cas, l&rsquo;autorisation \u00e9crite pr\u00e9alable de la PARTIE RESPONSABLE. Toute utilisation non autoris\u00e9e au pr\u00e9alable sera consid\u00e9r\u00e9e comme une violation grave des droits de propri\u00e9t\u00e9 intellectuelle ou industrielle de l&rsquo;auteur.<\/p>\n<p>Les conceptions, les logos, les textes et\/ou les graphiques qui n&rsquo;appartiennent pas \u00e0 la PARTIE RESPONSABLE et qui puissent appara\u00eetre sur le site, appartiennent \u00e0 leurs propri\u00e9taires respectifs, qui sont charg\u00e9s de tout litige \u00e9ventuel qui pourrait survenir \u00e0 leur sujet. La PARTIE RESPONSABLE autorise express\u00e9ment les tiers \u00e0 rediriger directement vers les contenus sp\u00e9cifiques du site et, dans tous les cas, rediriger vers le site principal.<\/p>\n<p>La PARTIE RESPONSABLE reconna\u00eet les droits de propri\u00e9t\u00e9 intellectuelle et industrielle correspondants en faveur des titulaires. Aussi, leur simple mention ou apparition sur le site web n&rsquo;implique l&rsquo;existence d&rsquo;aucun droit ou responsabilit\u00e9, de quelque nature que ce soit, \u00e0 leur \u00e9gard, ni n&rsquo;implique non plus aucun soutien, parrainage ou recommandation de leur part.<\/p>\n<p>Pour formuler toutes observations concernant d&rsquo;\u00e9ventuelles infractions aux droits de propri\u00e9t\u00e9 intellectuelle ou industrielle, ainsi que tout contenu du site web, vous pouvez nous contacter en envoyant un courriel \u00e0 administracion@moldblade.com<\/p>\n<p><strong style=\"color: var( --e-global-color-text ); font-family: var( --e-global-typography-text-font-family );\">EXON\u00c9RATION DE RESPONSABILIT\u00c9<\/strong><\/p>\n<p>La PARTIE RESPONSABLE sera exempte de tout type de responsabilit\u00e9, d\u00e9coulant des informations publi\u00e9es sur son site web, lorsque ces informations auront \u00e9t\u00e9 manipul\u00e9es ou introduites par un tiers.<\/p>\n<p><strong id=\"cookies\">Utilisation des Cookies<\/strong><\/p>\n<p>Ce site web peut utiliser des cookies techniques (petits fichiers d&rsquo;information que le serveur envoie \u00e0 l&rsquo;ordinateur de la personne qui acc\u00e8de \u00e0 la page) pour ex\u00e9cuter certaines fonctions consid\u00e9r\u00e9es comme essentielles pour le bon fonctionnement et l&rsquo;affichage du site. Les cookies utilis\u00e9s sont, en tout cas, temporaires, dans le seul but de rendre la navigation plus efficace. Ils vont dispara\u00eetre lorsque la session de l&rsquo;utilisateur sera termin\u00e9e. En aucun cas, ces cookies ne fournissent eux-m\u00eames des donn\u00e9es personnelles et ils ne seront pas utilis\u00e9s pour les collecter.<\/p>\n<p>Gr\u00e2ce \u00e0 l&rsquo;utilisation de cookies, il est \u00e9galement possible que le serveur o\u00f9 se trouve le site web reconnaisse le navigateur de l&rsquo;utilisateur afin de faciliter la navigation. Cela va permettre, par exemple, l&rsquo;acc\u00e8s aux zones, services, promotions ou concours r\u00e9serv\u00e9s exclusivement aux utilisateurs qui se soient pr\u00e9alablement inscrits sans avoir \u00e0 s&rsquo;inscrire \u00e0 chaque visite.<\/p>\n<p>Ils peuvent \u00e9galement \u00eatre utilis\u00e9s pour mesurer l&rsquo;audience, les param\u00e8tres de trafic, suivre les progr\u00e8s et le nombre d&rsquo;entr\u00e9es, etc. Dans ces cas, les cookies sont techniquement dispensables, mais b\u00e9n\u00e9fiques pour l&rsquo;utilisateur. Ce site web n&rsquo;installera pas de cookies consommables sans le consentement pr\u00e9alable de l&rsquo;utilisateur.<\/p>\n<p>L&rsquo;utilisateur a la possibilit\u00e9 de configurer son navigateur pour \u00eatre averti de la r\u00e9ception de cookies et pour emp\u00eacher leur installation sur son ordinateur. Pour plus d&rsquo;informations, veuillez vous r\u00e9f\u00e9rer aux instructions de votre navigateur.<\/p>\n<p><strong>Politique sur les liens<\/strong><\/p>\n<p>Depuis le site web, vous pouvez \u00eatre redirig\u00e9(e) vers des contenus provenant de sites web tiers. Comme la PARTIE RESPONSABLE ne peut pas toujours contr\u00f4ler les contenus introduits par des tiers dans leurs sites web respectifs, celle-ci n&rsquo;assume aucune sorte de responsabilit\u00e9 pour ces contenus. Dans tous les cas, elle proc\u00e9dera au retrait imm\u00e9diat de tout contenu qui pourrait \u00eatre contraire \u00e0 la l\u00e9gislation nationale ou internationale, \u00e0 la morale ou \u00e0 l&rsquo;ordre public, en proc\u00e9dant au retrait imm\u00e9diat de la redirection vers ledit site web, en portant le contenu en question \u00e0 la connaissance des autorit\u00e9s comp\u00e9tentes.<\/p>\n<p>La PARTIE RESPONSABLE ne sera pas charg\u00e9e des informations ni des contenus stock\u00e9s, \u00e0 titre d&rsquo;exemple mais non limit\u00e9, sur les forums, les chats, les g\u00e9n\u00e9rateurs de blog, les commentaires, les r\u00e9seaux sociaux ou tout autre moyen permettant \u00e0 des tiers de publier des contenus de mani\u00e8re ind\u00e9pendante sur le site de telle PARTIE RESPONSABLE. Toutefois, et conform\u00e9ment aux dispositions des articles 11 et 16 de la LSSI-CE, cette information est mise \u00e0 la disposition de tous les utilisateurs, les autorit\u00e9s et les forces de s\u00e9curit\u00e9, collaborant activement au retrait ou, le cas \u00e9ch\u00e9ant, au blocage de tout contenu susceptible d&rsquo;affecter ou de contrevenir \u00e0 la l\u00e9gislation nationale ou internationale, aux droits des tiers ou \u00e0 la morale et \u00e0 l&rsquo;ordre public. Si l&rsquo;utilisateur estime qu&rsquo;il existe sur le site web un contenu susceptible de faire l&rsquo;objet de cette classification, il\/elle doit en informer imm\u00e9diatement l&rsquo;administrateur du site web.<\/p>\n<p>Ce site web a \u00e9t\u00e9 examin\u00e9 et test\u00e9 pour fonctionner correctement. En principe, le bon fonctionnement peut \u00eatre garanti 365 jours par an, 24 heures sur 24. Toutefois, la PARTIE RESPONSABLE n&rsquo;exclut pas la possibilit\u00e9 qu&rsquo;il y ait certaines erreurs de programmation, ou que<\/p>\n<p>des cas de force majeure, des catastrophes naturelles, des gr\u00e8ves ou des circonstances similaires surviennent qui rendent l&rsquo;acc\u00e8s au site impossible.<\/p>\n<p><strong>Adresses IP<\/strong><\/p>\n<p>Les serveurs du site web seront en mesure de d\u00e9tecter automatiquement l&rsquo;adresse IP et le nom de domaine utilis\u00e9s par l&rsquo;utilisateur. Une adresse IP est un num\u00e9ro qui est automatiquement attribu\u00e9 \u00e0 un ordinateur lorsque celui-ci se connectera \u00e0 l&rsquo;Internet. Toutes ces informations sont enregistr\u00e9es dans un fichier d&rsquo;activit\u00e9 du serveur d\u00fbment enregistr\u00e9, qui permettra le traitement ult\u00e9rieur des donn\u00e9es, afin d&rsquo;obtenir uniquement des mesures statistiques permettant de conna\u00eetre le nombre d&rsquo;impressions de pages, le nombre de visites effectu\u00e9es sur les serveurs web, l&rsquo;ordre des visites, le point d&rsquo;acc\u00e8s, etc.<\/p>\n<p><strong style=\"color: var( --e-global-color-text ); font-family: var( --e-global-typography-text-font-family );\">DROIT APPLICABLE ET JURIDICTION COMP\u00c9TENTE<\/strong><\/p>\n<p>Pour la r\u00e9solution de tous les litiges ou questions relatifs \u00e0 ce site web ou aux activit\u00e9s qui y sont men\u00e9es, la loi espagnole s&rsquo;appliquera, \u00e0 laquelle les parties se soumettent express\u00e9ment, et les Cours et Tribunaux les plus proches de Valence seront comp\u00e9tents pour r\u00e9soudre tous les litiges d\u00e9coulant de ou li\u00e9s \u00e0 son utilisation.<\/p>\n\t\t\t\t\t\t\t\t<\/div>\n\t\t\t\t<\/div>\n\t\t\t\t\t<\/div>\n\t\t<\/div>\n\t\t\t\t\t<\/div>\n\t\t<\/section>\n\t\t\t\t<\/div>\n\t\t","protected":false},"excerpt":{"rendered":"<p>Politique de confidentialit\u00e9 Politique de confidentialit\u00e9 LOI SUR LES <\/p>\n","protected":false},"author":2,"featured_media":839,"parent":0,"menu_order":0,"comment_status":"closed","ping_status":"closed","template":"","meta":{"_acf_changed":false,"_monsterinsights_skip_tracking":false,"_monsterinsights_sitenote_active":false,"_monsterinsights_sitenote_note":"","_monsterinsights_sitenote_category":0,"footnotes":""},"class_list":["post-16319","page","type-page","status-publish","has-post-thumbnail","hentry"],"acf":[],"yoast_head":"<!-- This site is optimized with the Yoast SEO plugin v27.1.1 - https:\/\/yoast.com\/product\/yoast-seo-wordpress\/ -->\n<title>Politique de confidentialit\u00e9 - Moldblade<\/title>\n<meta name=\"description\" content=\"Politique de confidentialit\u00e9 Politique de confidentialit\u00e9 LOI SUR LES SERVICES DE LA SOCI\u00c9T\u00c9 DE L&#039;INFORMATION (LSSI) Moldblade, S.L. \u00e9tant en charge du - Politique de confidentialit\u00e9\" \/>\n<meta name=\"robots\" content=\"index, follow, max-snippet:-1, max-image-preview:large, max-video-preview:-1\" \/>\n<link rel=\"canonical\" href=\"https:\/\/moldblade.com\/fr\/politique-de-confidentialite\/\" \/>\n<meta property=\"og:locale\" content=\"fr_FR\" \/>\n<meta property=\"og:type\" content=\"article\" \/>\n<meta property=\"og:title\" content=\"Politique de confidentialit\u00e9 - Moldblade\" \/>\n<meta property=\"og:description\" content=\"Politique de confidentialit\u00e9 Politique de confidentialit\u00e9 LOI SUR LES SERVICES DE LA SOCI\u00c9T\u00c9 DE L&#039;INFORMATION (LSSI) Moldblade, S.L. \u00e9tant en charge du - Politique de confidentialit\u00e9\" \/>\n<meta property=\"og:url\" content=\"https:\/\/moldblade.com\/fr\/politique-de-confidentialite\/\" \/>\n<meta property=\"og:site_name\" content=\"Moldblade\" \/>\n<meta property=\"article:modified_time\" content=\"2020-11-13T23:11:02+00:00\" \/>\n<meta property=\"og:image\" content=\"https:\/\/moldblade.com\/wp-content\/uploads\/2020\/07\/2-patentes@2x.jpg\" \/>\n\t<meta property=\"og:image:width\" content=\"600\" \/>\n\t<meta property=\"og:image:height\" content=\"600\" \/>\n\t<meta property=\"og:image:type\" content=\"image\/jpeg\" \/>\n<meta name=\"twitter:card\" content=\"summary_large_image\" \/>\n<meta name=\"twitter:label1\" content=\"Dur\u00e9e de lecture estim\u00e9e\" \/>\n\t<meta name=\"twitter:data1\" content=\"7 minutes\" \/>\n<script type=\"application\/ld+json\" class=\"yoast-schema-graph\">{\"@context\":\"https:\/\/schema.org\",\"@graph\":[{\"@type\":\"WebPage\",\"@id\":\"https:\/\/moldblade.com\/fr\/politique-de-confidentialite\/\",\"url\":\"https:\/\/moldblade.com\/fr\/politique-de-confidentialite\/\",\"name\":\"Politique de confidentialit\u00e9 - Moldblade\",\"isPartOf\":{\"@id\":\"https:\/\/moldblade.com\/fr\/#website\"},\"primaryImageOfPage\":{\"@id\":\"https:\/\/moldblade.com\/fr\/politique-de-confidentialite\/#primaryimage\"},\"image\":{\"@id\":\"https:\/\/moldblade.com\/fr\/politique-de-confidentialite\/#primaryimage\"},\"thumbnailUrl\":\"https:\/\/moldblade.com\/wp-content\/uploads\/2020\/07\/2-patentes@2x.jpg\",\"datePublished\":\"2020-10-19T12:23:16+00:00\",\"dateModified\":\"2020-11-13T23:11:02+00:00\",\"description\":\"Politique de confidentialit\u00e9 Politique de confidentialit\u00e9 LOI SUR LES SERVICES DE LA SOCI\u00c9T\u00c9 DE L'INFORMATION (LSSI) Moldblade, S.L. \u00e9tant en charge du - Politique de confidentialit\u00e9\",\"breadcrumb\":{\"@id\":\"https:\/\/moldblade.com\/fr\/politique-de-confidentialite\/#breadcrumb\"},\"inLanguage\":\"fr-FR\",\"potentialAction\":[{\"@type\":\"ReadAction\",\"target\":[\"https:\/\/moldblade.com\/fr\/politique-de-confidentialite\/\"]}]},{\"@type\":\"ImageObject\",\"inLanguage\":\"fr-FR\",\"@id\":\"https:\/\/moldblade.com\/fr\/politique-de-confidentialite\/#primaryimage\",\"url\":\"https:\/\/moldblade.com\/wp-content\/uploads\/2020\/07\/2-patentes@2x.jpg\",\"contentUrl\":\"https:\/\/moldblade.com\/wp-content\/uploads\/2020\/07\/2-patentes@2x.jpg\",\"width\":600,\"height\":600},{\"@type\":\"BreadcrumbList\",\"@id\":\"https:\/\/moldblade.com\/fr\/politique-de-confidentialite\/#breadcrumb\",\"itemListElement\":[{\"@type\":\"ListItem\",\"position\":1,\"name\":\"Portada\",\"item\":\"https:\/\/moldblade.com\/fr\/\"},{\"@type\":\"ListItem\",\"position\":2,\"name\":\"Politique de confidentialit\u00e9\"}]},{\"@type\":\"WebSite\",\"@id\":\"https:\/\/moldblade.com\/fr\/#website\",\"url\":\"https:\/\/moldblade.com\/fr\/\",\"name\":\"Moldblade\",\"description\":\"\",\"potentialAction\":[{\"@type\":\"SearchAction\",\"target\":{\"@type\":\"EntryPoint\",\"urlTemplate\":\"https:\/\/moldblade.com\/fr\/?s={search_term_string}\"},\"query-input\":{\"@type\":\"PropertyValueSpecification\",\"valueRequired\":true,\"valueName\":\"search_term_string\"}}],\"inLanguage\":\"fr-FR\"}]}<\/script>\n<!-- \/ Yoast SEO plugin. -->","yoast_head_json":{"title":"Politique de confidentialit\u00e9 - Moldblade","description":"Politique de confidentialit\u00e9 Politique de confidentialit\u00e9 LOI SUR LES SERVICES DE LA SOCI\u00c9T\u00c9 DE L'INFORMATION (LSSI) Moldblade, S.L. \u00e9tant en charge du - Politique de confidentialit\u00e9","robots":{"index":"index","follow":"follow","max-snippet":"max-snippet:-1","max-image-preview":"max-image-preview:large","max-video-preview":"max-video-preview:-1"},"canonical":"https:\/\/moldblade.com\/fr\/politique-de-confidentialite\/","og_locale":"fr_FR","og_type":"article","og_title":"Politique de confidentialit\u00e9 - Moldblade","og_description":"Politique de confidentialit\u00e9 Politique de confidentialit\u00e9 LOI SUR LES SERVICES DE LA SOCI\u00c9T\u00c9 DE L'INFORMATION (LSSI) Moldblade, S.L. \u00e9tant en charge du - Politique de confidentialit\u00e9","og_url":"https:\/\/moldblade.com\/fr\/politique-de-confidentialite\/","og_site_name":"Moldblade","article_modified_time":"2020-11-13T23:11:02+00:00","og_image":[{"width":600,"height":600,"url":"https:\/\/moldblade.com\/wp-content\/uploads\/2020\/07\/2-patentes@2x.jpg","type":"image\/jpeg"}],"twitter_card":"summary_large_image","twitter_misc":{"Dur\u00e9e de lecture estim\u00e9e":"7 minutes"},"schema":{"@context":"https:\/\/schema.org","@graph":[{"@type":"WebPage","@id":"https:\/\/moldblade.com\/fr\/politique-de-confidentialite\/","url":"https:\/\/moldblade.com\/fr\/politique-de-confidentialite\/","name":"Politique de confidentialit\u00e9 - Moldblade","isPartOf":{"@id":"https:\/\/moldblade.com\/fr\/#website"},"primaryImageOfPage":{"@id":"https:\/\/moldblade.com\/fr\/politique-de-confidentialite\/#primaryimage"},"image":{"@id":"https:\/\/moldblade.com\/fr\/politique-de-confidentialite\/#primaryimage"},"thumbnailUrl":"https:\/\/moldblade.com\/wp-content\/uploads\/2020\/07\/2-patentes@2x.jpg","datePublished":"2020-10-19T12:23:16+00:00","dateModified":"2020-11-13T23:11:02+00:00","description":"Politique de confidentialit\u00e9 Politique de confidentialit\u00e9 LOI SUR LES SERVICES DE LA SOCI\u00c9T\u00c9 DE L'INFORMATION (LSSI) Moldblade, S.L. \u00e9tant en charge du - Politique de confidentialit\u00e9","breadcrumb":{"@id":"https:\/\/moldblade.com\/fr\/politique-de-confidentialite\/#breadcrumb"},"inLanguage":"fr-FR","potentialAction":[{"@type":"ReadAction","target":["https:\/\/moldblade.com\/fr\/politique-de-confidentialite\/"]}]},{"@type":"ImageObject","inLanguage":"fr-FR","@id":"https:\/\/moldblade.com\/fr\/politique-de-confidentialite\/#primaryimage","url":"https:\/\/moldblade.com\/wp-content\/uploads\/2020\/07\/2-patentes@2x.jpg","contentUrl":"https:\/\/moldblade.com\/wp-content\/uploads\/2020\/07\/2-patentes@2x.jpg","width":600,"height":600},{"@type":"BreadcrumbList","@id":"https:\/\/moldblade.com\/fr\/politique-de-confidentialite\/#breadcrumb","itemListElement":[{"@type":"ListItem","position":1,"name":"Portada","item":"https:\/\/moldblade.com\/fr\/"},{"@type":"ListItem","position":2,"name":"Politique de confidentialit\u00e9"}]},{"@type":"WebSite","@id":"https:\/\/moldblade.com\/fr\/#website","url":"https:\/\/moldblade.com\/fr\/","name":"Moldblade","description":"","potentialAction":[{"@type":"SearchAction","target":{"@type":"EntryPoint","urlTemplate":"https:\/\/moldblade.com\/fr\/?s={search_term_string}"},"query-input":{"@type":"PropertyValueSpecification","valueRequired":true,"valueName":"search_term_string"}}],"inLanguage":"fr-FR"}]}},"_links":{"self":[{"href":"https:\/\/moldblade.com\/fr\/wp-json\/wp\/v2\/pages\/16319","targetHints":{"allow":["GET"]}}],"collection":[{"href":"https:\/\/moldblade.com\/fr\/wp-json\/wp\/v2\/pages"}],"about":[{"href":"https:\/\/moldblade.com\/fr\/wp-json\/wp\/v2\/types\/page"}],"author":[{"embeddable":true,"href":"https:\/\/moldblade.com\/fr\/wp-json\/wp\/v2\/users\/2"}],"replies":[{"embeddable":true,"href":"https:\/\/moldblade.com\/fr\/wp-json\/wp\/v2\/comments?post=16319"}],"version-history":[{"count":23,"href":"https:\/\/moldblade.com\/fr\/wp-json\/wp\/v2\/pages\/16319\/revisions"}],"predecessor-version":[{"id":18215,"href":"https:\/\/moldblade.com\/fr\/wp-json\/wp\/v2\/pages\/16319\/revisions\/18215"}],"wp:featuredmedia":[{"embeddable":true,"href":"https:\/\/moldblade.com\/fr\/wp-json\/wp\/v2\/media\/839"}],"wp:attachment":[{"href":"https:\/\/moldblade.com\/fr\/wp-json\/wp\/v2\/media?parent=16319"}],"curies":[{"name":"wp","href":"https:\/\/api.w.org\/{rel}","templated":true}]}}