{"id":18884,"date":"2021-11-09T11:24:08","date_gmt":"2021-11-09T11:24:08","guid":{"rendered":"https:\/\/moldblade.com\/datenschutzbestimmungen\/"},"modified":"2021-11-09T11:24:08","modified_gmt":"2021-11-09T11:24:08","slug":"datenschutzbestimmungen","status":"publish","type":"page","link":"https:\/\/moldblade.com\/de\/datenschutzbestimmungen\/","title":{"rendered":"Datenschutzbestimmungen"},"content":{"rendered":"<style>.elementor-widget-text-editor{font-family:var( --e-global-typography-text-font-family ), Sans-serif;font-weight:var( --e-global-typography-text-font-weight );color:var( --e-global-color-text );}.elementor-widget-text-editor.elementor-drop-cap-view-stacked .elementor-drop-cap{background-color:var( --e-global-color-primary );}.elementor-widget-text-editor.elementor-drop-cap-view-framed .elementor-drop-cap, .elementor-widget-text-editor.elementor-drop-cap-view-default .elementor-drop-cap{color:var( --e-global-color-primary );border-color:var( --e-global-color-primary );}<\/style>\t\t<div data-elementor-type=\"wp-page\" data-elementor-id=\"18884\" class=\"elementor elementor-18884 elementor-3\" data-elementor-post-type=\"page\">\n\t\t\t\t\t\t<section class=\"elementor-section elementor-top-section elementor-element elementor-element-5b39c0dc elementor-section-boxed elementor-section-height-default elementor-section-height-default\" data-id=\"5b39c0dc\" data-element_type=\"section\" data-e-type=\"section\">\n\t\t\t\t\t\t<div class=\"elementor-container elementor-column-gap-default\">\n\t\t\t\t\t<div class=\"elementor-column elementor-col-100 elementor-top-column elementor-element elementor-element-425f5cbb\" data-id=\"425f5cbb\" data-element_type=\"column\" data-e-type=\"column\">\n\t\t\t<div class=\"elementor-widget-wrap elementor-element-populated\">\n\t\t\t\t\t\t<div class=\"elementor-element elementor-element-613a8a8a elementor-widget elementor-widget-text-editor\" data-id=\"613a8a8a\" data-element_type=\"widget\" data-e-type=\"widget\" data-widget_type=\"text-editor.default\">\n\t\t\t\t<div class=\"elementor-widget-container\">\n\t\t\t\t\t\t\t\t\t<h1 class=\"post-title big_title bg_gallery cufon_headings\"> Datenschutzbestimmungen <\/h1>\n<p><strong> Datenschutzbestimmungen <\/strong><\/p>\n<p><strong> GESETZ \u00dcBER DIENSTE DER INFORMATIONSGESELLSCHAFT (LSSI)  <\/strong><\/p>\n<p> Moldblade SL, verantwortlich f\u00fcr die Website, im Folgenden VERANTWORTLICHER genannt, stellt den Nutzern dieses Dokument zur Verf\u00fcgung, mit dem sie die im Gesetz 34\/2002 vom 11. Juli \u00fcber die Dienste der Informationsgesellschaft und den elektronischen Handel (LSSICE), BOE Nr. 166, festgelegten Verpflichtungen erf\u00fcllen und alle Nutzer der Website \u00fcber die Nutzungsbedingungen informieren m\u00f6chte. p><\/p>\n<p> Jede Person, die auf diese Website zugreift, \u00fcbernimmt die Rolle des Nutzers und verpflichtet sich, die hierin enthaltenen Bestimmungen sowie alle anderen m\u00f6glicherweise anwendbaren gesetzlichen Bestimmungen strikt zu beachten und einzuhalten. <\/p>\n<p> Moldblade SL. beh\u00e4lt sich das Recht vor, jede Art von Informationen, die auf der Website erscheinen k\u00f6nnen, zu \u00e4ndern, ohne dass eine Verpflichtung zur vorherigen Ank\u00fcndigung oder Information der Benutzer besteht, wobei die Ver\u00f6ffentlichung auf der Website von Moldblade SL. als ausreichend angesehen wird.  <\/p>\n<p><strong style=\"color: var( --e-global-color-text ); font-family: var( --e-global-typography-text-font-family );\"> IDENTIFIKATIONSDATEN <\/strong><\/p>\n<p> Name des Unternehmens: Moldblade SL.<\/p>\n<p> Dom\u00e4nenname:  www.moldblade.com<\/p>\n<p>NIF: B98116742<\/p>\n<p> Steuerliches Domizil:  C\/ CONDE ALTEA 22 10 \u2013 VALENCIA (VALENCIA)<\/p>\n<p>e-mail: administracion@moldblade.com<\/p>\n<p> Eingetragen im Handelsregister: REGISTRO MERCANTIL DE VALENCIA (Handelsregister von Valencia) 1\/6\/12\/1.109 FOLIO 161 N.ENTRADA: 1\/2009\/4.316,0<\/p>\n<p><strong style=\"color: var( --e-global-color-text ); font-family: var( --e-global-typography-text-font-family );\"> RECHTE AN GEISTIGEM UND GEWERBLICHEM EIGENTUM <\/strong><\/p>\n<p>Die Website, einschlie\u00dflich, aber nicht beschr\u00e4nkt auf ihre Programmierung, Bearbeitung, Zusammenstellung und andere f\u00fcr ihren Betrieb notwendige Elemente, Designs, Logos, Texte und\/oder Grafiken, sind Eigentum der VERANTWORTLICHEN PARTEI oder verf\u00fcgen gegebenenfalls \u00fcber eine Lizenz oder ausdr\u00fcckliche Genehmigung der Urheber. Alle Inhalte der Website sind durch Vorschriften zum geistigen und gewerblichen Eigentum ordnungsgem\u00e4\u00df gesch\u00fctzt und in den entsprechenden \u00f6ffentlichen Registern eingetragen..<\/p>\n<p>Ungeachtet des Zwecks, f\u00fcr den sie bestimmt sind, bedarf die vollst\u00e4ndige oder teilweise Vervielf\u00e4ltigung, Nutzung, Verwertung, Verbreitung und Vermarktung in jedem Fall der vorherigen schriftlichen Genehmigung des VERANTWORTLICHEN. Jede nicht vorher genehmigte Verwendung wird als schwerwiegende Verletzung der Rechte des Urhebers am geistigen oder gewerblichen Eigentum betrachtet.<\/p>\n<p>Die Designs, Logos, Texte und\/oder Grafiken, die nicht dem VERANTWORTLICHEN geh\u00f6ren und die auf der Website erscheinen k\u00f6nnen, geh\u00f6ren ihren jeweiligen Eigent\u00fcmern, die selbst f\u00fcr m\u00f6gliche Kontroversen verantwortlich sind, die in Bezug auf sie entstehen k\u00f6nnen. Der VERANTWORTLICHE gestattet Dritten ausdr\u00fccklich, direkt auf die spezifischen Inhalte der Website zu verweisen, und zwar in jedem Fall<\/p>\n<p>><\/p>\n<p>Weiterleitung zur Hauptwebsite.<\/p>\n<p>Die VERANTWORTUNG erkennt zugunsten ihrer Eigent\u00fcmer die entsprechenden geistigen und gewerblichen Eigentumsrechte an, und die blo\u00dfe Erw\u00e4hnung oder das Erscheinen auf der Website impliziert weder das Vorhandensein irgendwelcher Rechte oder Verantwortlichkeiten an ihnen, noch eine Bef\u00fcrwortung, F\u00f6rderung oder Empfehlung durch dieselben.<\/p>\n<p>Die VERANTWORTUNG kann nicht f\u00fcr den Inhalt der Website verantwortlich gemacht werden.<\/p>\n<p>Wenn Sie Anmerkungen zu m\u00f6glichen Verletzungen von Rechten an geistigem oder gewerblichem Eigentum sowie zu den Inhalten der Website machen m\u00f6chten, k\u00f6nnen Sie dies per E-Mail an administracion@moldblade.com<\/p>\n<p><strong style=\"color: var( --e-global-color-text ); font-family: var( --e-global-typography-text-font-family );\"> HAFTUNGSAUSSCHLUSS <\/strong><\/p>\n<p> El RESPONSABLE se exime de cualquier tipo de responsabilidad derivada de la informaci\u00f3n publicada en su sitio web siempre que esta informaci\u00f3n haya sido manipulada o introducida por un tercero ajeno al mismo.<\/ p><\/p>\n<p><strong id=\"cookies\"> Verwendung von Cookies <\/strong><\/p>\n<p>Diese Website kann technische Cookies (kleine Informationsdateien, die der Server an den Computer der Person sendet, die auf die Seite zugreift) verwenden, um bestimmte Funktionen auszuf\u00fchren, die f\u00fcr das korrekte Funktionieren und die Visualisierung der Website als wesentlich angesehen werden. Die verwendeten Cookies sind in jedem Fall vor\u00fcbergehender Natur und dienen ausschlie\u00dflich dem Zweck, das Surfen effizienter zu gestalten, und verschwinden am Ende der Sitzung des Nutzers. In keinem Fall liefern diese Cookies selbst personenbezogene Daten, und sie werden auch nicht zur Sammlung solcher Daten verwendet.<\/p>\n<p>Durch die Verwendung von Cookies ist es dem Server, auf dem sich die Website befindet, auch m\u00f6glich, den vom Nutzer verwendeten Browser zu erkennen, um das Surfen zu erleichtern und beispielsweise Nutzern, die sich zuvor registriert haben, den Zugang zu exklusiv f\u00fcr sie reservierten Bereichen, Diensten, Aktionen oder Wettbewerben zu erm\u00f6glichen, ohne dass sie sich bei jedem Besuch neu registrieren m\u00fcssen.<\/p>\n<p>Sie k\u00f6nnen auch zur Messung des Publikums, der Verkehrsparameter, zur Kontrolle des Verlaufs und der Anzahl der Eintr\u00e4ge usw. verwendet werden, wobei es sich in diesen F\u00e4llen um technisch entbehrliche, aber f\u00fcr den Nutzer n\u00fctzliche Cookies handelt. Auf dieser Website werden keine entbehrlichen Cookies ohne die vorherige Zustimmung des Nutzers installiert.<\/p>\n<p>Der Nutzer hat die M\u00f6glichkeit, seinen Browser so zu konfigurieren, dass er vor dem Empfang von Cookies gewarnt wird und deren Installation auf seinem Ger\u00e4t verhindert. Bitte konsultieren Sie die Anweisungen Ihres Browsers f\u00fcr weitere Informationen.<\/p>\n<p><strong>Links Politik<\/strong><\/p>\n<p>Von der Website aus k\u00f6nnen Sie zu Inhalten auf Websites Dritter weitergeleitet werden. Da der VERANTWORTLICHE die von Dritten auf ihren jeweiligen Websites eingestellten Inhalte nicht immer kontrollieren kann, \u00fcbernimmt er keinerlei Verantwortung f\u00fcr diese Inhalte. In jedem Fall werden Inhalte, die gegen nationales oder internationales Recht, die guten Sitten oder die \u00f6ffentliche Ordnung versto\u00dfen k\u00f6nnten, unverz\u00fcglich entfernt und die Weiterleitung zu dieser Website unverz\u00fcglich aufgehoben, wobei die zust\u00e4ndigen Beh\u00f6rden auf den betreffenden Inhalt aufmerksam gemacht werden.<\/p>\n<p>.<\/p>\n<p>Der VERANTWORTLICHE ist nicht verantwortlich f\u00fcr die gespeicherten Informationen und Inhalte, insbesondere in Foren, Chats, Bloggeneratoren, Kommentaren, sozialen Netzwerken oder anderen Medien, die es Dritten erm\u00f6glichen, selbstst\u00e4ndig Inhalte auf der Website des VERANTWORTLICHEN zu ver\u00f6ffentlichen. In \u00dcbereinstimmung mit den Bestimmungen der Artikel 11 und 16 des LSSICE stellt es sich jedoch allen Nutzern, Beh\u00f6rden und Sicherheitskr\u00e4ften zur Verf\u00fcgung und arbeitet aktiv an der Entfernung oder gegebenenfalls Sperrung aller Inhalte mit, die die nationale oder internationale Gesetzgebung, die Rechte Dritter oder die Moral und die \u00f6ffentliche Ordnung beeintr\u00e4chtigen oder verletzen k\u00f6nnten. Sollte der Nutzer der Ansicht sein, dass es auf der Website Inhalte gibt, die f\u00fcr diese Einstufung in Frage kommen k\u00f6nnten, benachrichtigen Sie bitte unverz\u00fcglich den Administrator der Website.<\/p>\n<p>Wenn der Nutzer der Ansicht ist, dass es auf der Website Inhalte gibt, die f\u00fcr diese Einstufung in Frage kommen k\u00f6nnten, benachrichtigen Sie bitte unverz\u00fcglich den Administrator der Website.<\/p>\n<p>Diese Website wurde gepr\u00fcft und getestet, um sicherzustellen, dass sie korrekt funktioniert. Im Prinzip kann die ordnungsgem\u00e4\u00dfe Funktion an 365 Tagen im Jahr, 24 Stunden am Tag, gew\u00e4hrleistet werden. Die VERANTWORTLICHE PARTEI schliesst jedoch nicht aus, dass bestimmte Programmierfehler vorliegen oder dass<\/p>\n<p \n\n<p>Es kann h\u00f6here Gewalt, Naturkatastrophen, Streiks oder \u00e4hnliche Umst\u00e4nde geben, die es unm\u00f6glich machen, auf die Website zuzugreifen.<\/p>\n<p><strong> IP-Adressen <\/strong><\/p>\n<p>Die Server der Website k\u00f6nnen die vom Nutzer verwendete IP-Adresse und den Dom\u00e4nennamen automatisch erkennen. Eine IP-Adresse ist eine Nummer, die einem Computer automatisch zugewiesen wird, wenn er sich mit dem Internet verbindet. Alle diese Informationen werden in einer ordnungsgem\u00e4\u00df registrierten Server-Aktivit\u00e4tsdatei gespeichert, die eine sp\u00e4tere Verarbeitung der Daten erm\u00f6glicht, um rein statistische Messungen zu erhalten, die es erm\u00f6glichen, die Anzahl der Seitenaufrufe, die Anzahl der Besuche auf den Webservern, die Reihenfolge der Besuche, den Zugangspunkt usw. zu ermitteln..<\/p>\n<p><strong style=\"color: var( --e-global-color-text ); font-family: var( --e-global-typography-text-font-family );\"> ANWENDBARES RECHT UND GERICHTSBARKEIT <\/strong><\/p>\n<p> F\u00fcr die Beilegung aller Streitigkeiten oder Fragen im Zusammenhang mit dieser Website oder den auf ihr durchgef\u00fchrten Aktivit\u00e4ten gilt das spanische Recht, dem sich die Parteien ausdr\u00fccklich unterwerfen, und die Gerichte in der N\u00e4he von Valencia sind f\u00fcr die Beilegung aller Streitigkeiten zust\u00e4ndig, die sich aus der Nutzung dieser Website ergeben oder damit zusammenh\u00e4ngen.<\/ p><\/p>\n\t\t\t\t\t\t\t\t<\/div>\n\t\t\t\t<\/div>\n\t\t\t\t\t<\/div>\n\t\t<\/div>\n\t\t\t\t\t<\/div>\n\t\t<\/section>\n\t\t\t\t<\/div>\n\t\t","protected":false},"excerpt":{"rendered":"<p>Datenschutzbestimmungen Datenschutzbestimmungen GESETZ \u00dcBER DIENSTE DER INFORMATIONSGESELLSCHAFT (LSSI) Moldblade <\/p>\n","protected":false},"author":2,"featured_media":16043,"parent":0,"menu_order":0,"comment_status":"closed","ping_status":"closed","template":"","meta":{"_acf_changed":false,"_monsterinsights_skip_tracking":false,"_monsterinsights_sitenote_active":false,"_monsterinsights_sitenote_note":"","_monsterinsights_sitenote_category":0,"footnotes":""},"class_list":["post-18884","page","type-page","status-publish","has-post-thumbnail","hentry"],"acf":[],"yoast_head":"<!-- This site is optimized with the Yoast SEO plugin v27.1.1 - https:\/\/yoast.com\/product\/yoast-seo-wordpress\/ -->\n<title>Datenschutzbestimmungen - Moldblade<\/title>\n<meta name=\"description\" content=\"Datenschutzbestimmungen Datenschutzbestimmungen GESETZ \u00dcBER DIENSTE DER INFORMATIONSGESELLSCHAFT (LSSI) Moldblade SL, verantwortlich f\u00fcr die Website, im - Datenschutzbestimmungen\" \/>\n<meta name=\"robots\" content=\"index, follow, max-snippet:-1, max-image-preview:large, max-video-preview:-1\" \/>\n<link rel=\"canonical\" href=\"https:\/\/moldblade.com\/de\/datenschutzbestimmungen\/\" \/>\n<meta property=\"og:locale\" content=\"de_DE\" \/>\n<meta property=\"og:type\" content=\"article\" \/>\n<meta property=\"og:title\" content=\"Datenschutzbestimmungen - Moldblade\" \/>\n<meta property=\"og:description\" content=\"Datenschutzbestimmungen Datenschutzbestimmungen GESETZ \u00dcBER DIENSTE DER INFORMATIONSGESELLSCHAFT (LSSI) Moldblade SL, verantwortlich f\u00fcr die Website, im - Datenschutzbestimmungen\" \/>\n<meta property=\"og:url\" content=\"https:\/\/moldblade.com\/de\/datenschutzbestimmungen\/\" \/>\n<meta property=\"og:site_name\" content=\"Moldblade\" \/>\n<meta property=\"og:image\" content=\"https:\/\/moldblade.com\/wp-content\/uploads\/2020\/07\/2-patentes@2x.jpg\" \/>\n\t<meta property=\"og:image:width\" content=\"600\" \/>\n\t<meta property=\"og:image:height\" content=\"600\" \/>\n\t<meta property=\"og:image:type\" content=\"image\/jpeg\" \/>\n<meta name=\"twitter:card\" content=\"summary_large_image\" \/>\n<meta name=\"twitter:label1\" content=\"Gesch\u00e4tzte Lesezeit\" \/>\n\t<meta name=\"twitter:data1\" content=\"5\u00a0Minuten\" \/>\n<script type=\"application\/ld+json\" class=\"yoast-schema-graph\">{\"@context\":\"https:\/\/schema.org\",\"@graph\":[{\"@type\":\"WebPage\",\"@id\":\"https:\/\/moldblade.com\/de\/datenschutzbestimmungen\/\",\"url\":\"https:\/\/moldblade.com\/de\/datenschutzbestimmungen\/\",\"name\":\"Datenschutzbestimmungen - Moldblade\",\"isPartOf\":{\"@id\":\"https:\/\/moldblade.com\/de\/#website\"},\"primaryImageOfPage\":{\"@id\":\"https:\/\/moldblade.com\/de\/datenschutzbestimmungen\/#primaryimage\"},\"image\":{\"@id\":\"https:\/\/moldblade.com\/de\/datenschutzbestimmungen\/#primaryimage\"},\"thumbnailUrl\":\"https:\/\/moldblade.com\/wp-content\/uploads\/2020\/07\/2-patentes@2x.jpg\",\"datePublished\":\"2021-11-09T11:24:08+00:00\",\"description\":\"Datenschutzbestimmungen Datenschutzbestimmungen GESETZ \u00dcBER DIENSTE DER INFORMATIONSGESELLSCHAFT (LSSI) Moldblade SL, verantwortlich f\u00fcr die Website, im - Datenschutzbestimmungen\",\"breadcrumb\":{\"@id\":\"https:\/\/moldblade.com\/de\/datenschutzbestimmungen\/#breadcrumb\"},\"inLanguage\":\"de\",\"potentialAction\":[{\"@type\":\"ReadAction\",\"target\":[\"https:\/\/moldblade.com\/de\/datenschutzbestimmungen\/\"]}]},{\"@type\":\"ImageObject\",\"inLanguage\":\"de\",\"@id\":\"https:\/\/moldblade.com\/de\/datenschutzbestimmungen\/#primaryimage\",\"url\":\"https:\/\/moldblade.com\/wp-content\/uploads\/2020\/07\/2-patentes@2x.jpg\",\"contentUrl\":\"https:\/\/moldblade.com\/wp-content\/uploads\/2020\/07\/2-patentes@2x.jpg\",\"width\":600,\"height\":600},{\"@type\":\"BreadcrumbList\",\"@id\":\"https:\/\/moldblade.com\/de\/datenschutzbestimmungen\/#breadcrumb\",\"itemListElement\":[{\"@type\":\"ListItem\",\"position\":1,\"name\":\"Portada\",\"item\":\"https:\/\/moldblade.com\/de\/\"},{\"@type\":\"ListItem\",\"position\":2,\"name\":\"Datenschutzbestimmungen\"}]},{\"@type\":\"WebSite\",\"@id\":\"https:\/\/moldblade.com\/de\/#website\",\"url\":\"https:\/\/moldblade.com\/de\/\",\"name\":\"Moldblade\",\"description\":\"\",\"potentialAction\":[{\"@type\":\"SearchAction\",\"target\":{\"@type\":\"EntryPoint\",\"urlTemplate\":\"https:\/\/moldblade.com\/de\/?s={search_term_string}\"},\"query-input\":{\"@type\":\"PropertyValueSpecification\",\"valueRequired\":true,\"valueName\":\"search_term_string\"}}],\"inLanguage\":\"de\"}]}<\/script>\n<!-- \/ Yoast SEO plugin. -->","yoast_head_json":{"title":"Datenschutzbestimmungen - Moldblade","description":"Datenschutzbestimmungen Datenschutzbestimmungen GESETZ \u00dcBER DIENSTE DER INFORMATIONSGESELLSCHAFT (LSSI) Moldblade SL, verantwortlich f\u00fcr die Website, im - Datenschutzbestimmungen","robots":{"index":"index","follow":"follow","max-snippet":"max-snippet:-1","max-image-preview":"max-image-preview:large","max-video-preview":"max-video-preview:-1"},"canonical":"https:\/\/moldblade.com\/de\/datenschutzbestimmungen\/","og_locale":"de_DE","og_type":"article","og_title":"Datenschutzbestimmungen - Moldblade","og_description":"Datenschutzbestimmungen Datenschutzbestimmungen GESETZ \u00dcBER DIENSTE DER INFORMATIONSGESELLSCHAFT (LSSI) Moldblade SL, verantwortlich f\u00fcr die Website, im - Datenschutzbestimmungen","og_url":"https:\/\/moldblade.com\/de\/datenschutzbestimmungen\/","og_site_name":"Moldblade","og_image":[{"width":600,"height":600,"url":"https:\/\/moldblade.com\/wp-content\/uploads\/2020\/07\/2-patentes@2x.jpg","type":"image\/jpeg"}],"twitter_card":"summary_large_image","twitter_misc":{"Gesch\u00e4tzte Lesezeit":"5\u00a0Minuten"},"schema":{"@context":"https:\/\/schema.org","@graph":[{"@type":"WebPage","@id":"https:\/\/moldblade.com\/de\/datenschutzbestimmungen\/","url":"https:\/\/moldblade.com\/de\/datenschutzbestimmungen\/","name":"Datenschutzbestimmungen - Moldblade","isPartOf":{"@id":"https:\/\/moldblade.com\/de\/#website"},"primaryImageOfPage":{"@id":"https:\/\/moldblade.com\/de\/datenschutzbestimmungen\/#primaryimage"},"image":{"@id":"https:\/\/moldblade.com\/de\/datenschutzbestimmungen\/#primaryimage"},"thumbnailUrl":"https:\/\/moldblade.com\/wp-content\/uploads\/2020\/07\/2-patentes@2x.jpg","datePublished":"2021-11-09T11:24:08+00:00","description":"Datenschutzbestimmungen Datenschutzbestimmungen GESETZ \u00dcBER DIENSTE DER INFORMATIONSGESELLSCHAFT (LSSI) Moldblade SL, verantwortlich f\u00fcr die Website, im - Datenschutzbestimmungen","breadcrumb":{"@id":"https:\/\/moldblade.com\/de\/datenschutzbestimmungen\/#breadcrumb"},"inLanguage":"de","potentialAction":[{"@type":"ReadAction","target":["https:\/\/moldblade.com\/de\/datenschutzbestimmungen\/"]}]},{"@type":"ImageObject","inLanguage":"de","@id":"https:\/\/moldblade.com\/de\/datenschutzbestimmungen\/#primaryimage","url":"https:\/\/moldblade.com\/wp-content\/uploads\/2020\/07\/2-patentes@2x.jpg","contentUrl":"https:\/\/moldblade.com\/wp-content\/uploads\/2020\/07\/2-patentes@2x.jpg","width":600,"height":600},{"@type":"BreadcrumbList","@id":"https:\/\/moldblade.com\/de\/datenschutzbestimmungen\/#breadcrumb","itemListElement":[{"@type":"ListItem","position":1,"name":"Portada","item":"https:\/\/moldblade.com\/de\/"},{"@type":"ListItem","position":2,"name":"Datenschutzbestimmungen"}]},{"@type":"WebSite","@id":"https:\/\/moldblade.com\/de\/#website","url":"https:\/\/moldblade.com\/de\/","name":"Moldblade","description":"","potentialAction":[{"@type":"SearchAction","target":{"@type":"EntryPoint","urlTemplate":"https:\/\/moldblade.com\/de\/?s={search_term_string}"},"query-input":{"@type":"PropertyValueSpecification","valueRequired":true,"valueName":"search_term_string"}}],"inLanguage":"de"}]}},"_links":{"self":[{"href":"https:\/\/moldblade.com\/de\/wp-json\/wp\/v2\/pages\/18884","targetHints":{"allow":["GET"]}}],"collection":[{"href":"https:\/\/moldblade.com\/de\/wp-json\/wp\/v2\/pages"}],"about":[{"href":"https:\/\/moldblade.com\/de\/wp-json\/wp\/v2\/types\/page"}],"author":[{"embeddable":true,"href":"https:\/\/moldblade.com\/de\/wp-json\/wp\/v2\/users\/2"}],"replies":[{"embeddable":true,"href":"https:\/\/moldblade.com\/de\/wp-json\/wp\/v2\/comments?post=18884"}],"version-history":[{"count":1,"href":"https:\/\/moldblade.com\/de\/wp-json\/wp\/v2\/pages\/18884\/revisions"}],"predecessor-version":[{"id":18885,"href":"https:\/\/moldblade.com\/de\/wp-json\/wp\/v2\/pages\/18884\/revisions\/18885"}],"wp:featuredmedia":[{"embeddable":true,"href":"https:\/\/moldblade.com\/de\/wp-json\/wp\/v2\/media\/16043"}],"wp:attachment":[{"href":"https:\/\/moldblade.com\/de\/wp-json\/wp\/v2\/media?parent=18884"}],"curies":[{"name":"wp","href":"https:\/\/api.w.org\/{rel}","templated":true}]}}