{"id":18880,"date":"2021-11-09T10:59:29","date_gmt":"2021-11-09T10:59:29","guid":{"rendered":"https:\/\/moldblade.com\/rechtlicher-hinweis\/"},"modified":"2021-11-09T10:59:30","modified_gmt":"2021-11-09T10:59:30","slug":"rechtlicher-hinweis","status":"publish","type":"page","link":"https:\/\/moldblade.com\/de\/rechtlicher-hinweis\/","title":{"rendered":"Rechtlicher Hinweis"},"content":{"rendered":"<style>.elementor-widget-text-editor{font-family:var( --e-global-typography-text-font-family ), Sans-serif;font-weight:var( --e-global-typography-text-font-weight );color:var( --e-global-color-text );}.elementor-widget-text-editor.elementor-drop-cap-view-stacked .elementor-drop-cap{background-color:var( --e-global-color-primary );}.elementor-widget-text-editor.elementor-drop-cap-view-framed .elementor-drop-cap, .elementor-widget-text-editor.elementor-drop-cap-view-default .elementor-drop-cap{color:var( --e-global-color-primary );border-color:var( --e-global-color-primary );}<\/style>\t\t<div data-elementor-type=\"wp-page\" data-elementor-id=\"18880\" class=\"elementor elementor-18880 elementor-4130\" data-elementor-post-type=\"page\">\n\t\t\t\t\t\t<section class=\"elementor-section elementor-top-section elementor-element elementor-element-d5f8af5 elementor-section-boxed elementor-section-height-default elementor-section-height-default\" data-id=\"d5f8af5\" data-element_type=\"section\" data-e-type=\"section\">\n\t\t\t\t\t\t<div class=\"elementor-container elementor-column-gap-default\">\n\t\t\t\t\t<div class=\"elementor-column elementor-col-100 elementor-top-column elementor-element elementor-element-07dfa91\" data-id=\"07dfa91\" data-element_type=\"column\" data-e-type=\"column\">\n\t\t\t<div class=\"elementor-widget-wrap elementor-element-populated\">\n\t\t\t\t\t\t<div class=\"elementor-element elementor-element-483a0b3 elementor-widget elementor-widget-text-editor\" data-id=\"483a0b3\" data-element_type=\"widget\" data-e-type=\"widget\" data-widget_type=\"text-editor.default\">\n\t\t\t\t<div class=\"elementor-widget-container\">\n\t\t\t\t\t\t\t\t\t<\/p>\n<p><strong>TEXT DES &#8222;RECHTLICHEN HINWEISES&#8220;<\/strong>: Rechtlicher Hinweis und Nutzungsbedingungen In diesem Bereich findet der BENUTZER alle Informationen zu den rechtlichen Bedingungen, die die Beziehung zwischen den Benutzern und uns als Verantwortliche f\u00fcr diese Website definieren. Als Nutzer ist es wichtig, dass Sie sich dieser Bedingungen bewusst sind, bevor Sie Ihre Navigation fortsetzen. Moldblade SL. als Verantwortlicher dieser Website verpflichtet sich, die Informationen unserer Nutzer und Kunden mit voller Garantie zu verarbeiten und die nationalen und europ\u00e4ischen Anforderungen zu erf\u00fcllen, die die Sammlung und Verwendung der pers\u00f6nlichen Daten unserer Nutzer regeln. Diese Website entspricht daher streng der RGPD (VERORDNUNG (EU) 2016\/679 \u00fcber den Datenschutz) und dem LSSI-CE-Gesetz 34\/2002 vom 11. Juli \u00fcber die Dienste der Informationsgesellschaft und den elektronischen Gesch\u00e4ftsverkehr. <\/p>\n<\/p>\n<p><strong>Allgemeine Nutzungsbedingungen<\/strong><\/p>\n<p>Diese Allgemeinen Gesch\u00e4ftsbedingungen regeln die Nutzung (einschlie\u00dflich des blo\u00dfen Zugriffs) der Seiten der Website, die Teil der Website http:\/\/luciddev.cat\/moldblade\/ sind, einschlie\u00dflich der auf ihnen bereitgestellten Inhalte und Dienstleistungen. Jede Person, die auf die Website http:\/\/luciddev.cat\/moldblade\/ zugreift (&#8222;Nutzer&#8220;), erkl\u00e4rt sich mit den Allgemeinen Gesch\u00e4ftsbedingungen einverstanden, die zu einem bestimmten Zeitpunkt auf dem Portal http:\/\/luciddev.cat\/moldblade\/ gelten. <\/p>\n<\/p>\n<p><strong>PERS\u00d6NLICHE DATEN, DIE WIR ERHEBEN UND WIE WIR SIE ERHEBEN<\/strong><\/p>\n<p><a href=\"http:\/\/luciddev.cat\/moldblade\/en\/privacy-policy\/\">Datenschutzerkl\u00e4rung lesen<\/a><\/p>\n<\/p>\n<p><strong>VERPFLICHTUNGEN DER BENUTZER<\/strong><\/p>\n<p>Der Benutzer ist dar\u00fcber informiert und akzeptiert, dass der Zugriff auf diese Website in keiner Weise den Beginn einer Gesch\u00e4ftsbeziehung mit http:\/\/luciddev.cat\/moldblade\/ bedeutet. Auf diese Weise verpflichtet sich der Nutzer, die Website, ihre Dienste und Inhalte zu nutzen, ohne gegen die geltende Gesetzgebung, Treu und Glauben und die \u00f6ffentliche Ordnung zu versto\u00dfen. Es ist verboten, die Website f\u00fcr unerlaubte oder sch\u00e4dliche Zwecke oder in einer Weise zu nutzen, die Sch\u00e4den verursachen oder den normalen Betrieb der Website beeintr\u00e4chtigen kann. In Bezug auf den Inhalt dieser Website ist es untersagt: Ihre Vervielf\u00e4ltigung, Verbreitung oder Ver\u00e4nderung, ganz oder teilweise, es sei denn, sie wurde von den rechtm\u00e4\u00dfigen Eigent\u00fcmern genehmigt; Jede Verletzung der Rechte des Anbieters oder der rechtm\u00e4\u00dfigen Eigent\u00fcmer; Ihre Nutzung zu kommerziellen oder Werbezwecken. Bei der Nutzung der Website http:\/\/luciddev.cat\/moldblade\/ verpflichtet sich der Nutzer, keine Handlungen vorzunehmen, die das Image, die Interessen und die Rechte von http:\/\/luciddev.cat\/moldblade\/ oder von Dritten sch\u00e4digen k\u00f6nnten oder die das Portal besch\u00e4digen, unbrauchbar machen oder \u00fcberlasten k\u00f6nnten (Domain angeben) oder die in irgendeiner Weise die normale Nutzung der Website verhindern k\u00f6nnten. Der Nutzer muss sich jedoch dar\u00fcber im Klaren sein, dass die Sicherheitsvorkehrungen der Computersysteme im Internet nicht v\u00f6llig zuverl\u00e4ssig sind und dass http:\/\/luciddev.cat\/moldblade\/ daher nicht garantieren kann, dass keine Viren oder andere Elemente vorhanden sind, die Ver\u00e4nderungen in den Computersystemen (Software und Hardware) des Nutzers oder in den darin enthaltenen elektronischen Dokumenten und Dateien verursachen k\u00f6nnen. <\/p>\n<\/p>\n<p><strong>SICHERHEITSMASSNAHMEN<\/strong><\/p>\n<p>Die vom Nutzer an http:\/\/luciddev.cat\/moldblade\/ \u00fcbermittelten personenbezogenen Daten k\u00f6nnen in automatisierten oder nicht automatisierten Datenbanken gespeichert werden, deren Eigent\u00fcmer ausschlie\u00dflich http:\/\/luciddev.cat\/moldblade\/ ist, wobei letztere alle technischen, organisatorischen und sicherheitstechnischen Ma\u00dfnahmen ergreift, die die Vertraulichkeit, Integrit\u00e4t und Qualit\u00e4t der darin enthaltenen Informationen gem\u00e4\u00df den Bestimmungen der geltenden Datenschutzvorschriften gew\u00e4hrleisten. Die Kommunikation zwischen den Nutzern und http:\/\/luciddev.cat\/moldblade\/ erfolgt \u00fcber einen sicheren Kanal, und die \u00fcbertragenen Daten werden dank https-Protokollen verschl\u00fcsselt, so dass wir die besten Sicherheitsbedingungen garantieren, damit die Vertraulichkeit der Nutzer gew\u00e4hrleistet ist.<\/p>\n<\/p>\n<p><strong>Beschwerden <\/strong><\/p>\n<p>http:\/\/luciddev.cat\/moldblade\/ informiert, dass es f\u00fcr Nutzer und Kunden Beschwerdeformulare gibt. Der Nutzer kann eine Beschwerde einreichen, indem er ein Beschwerdeformular anfordert oder eine E-Mail an administracion@moldblade.com schickt, in der er seinen Vor- und Nachnamen, die gekaufte Dienstleistung und\/oder das gekaufte Produkt sowie die Gr\u00fcnde f\u00fcr seine Beschwerde angibt. Der Nutzer\/Besteller kann uns die Beschwerde entweder per E-Mail an administracion@moldblade.com oder mit dem folgenden Beschwerdeformular mitteilen: Die Dienstleistung\/das Produkt: Gekauft am: Name des Nutzers: Anschrift des Nutzers: Unterschrift des Nutzers (nur bei Einreichung in Papierform): Datum: Grund der Beschwerde:<\/p>\n<\/p>\n<p><strong>Streitbeilegungsplattform<\/strong><\/p>\n<p>Bei Interesse k\u00f6nnen Sie Ihre Beschwerden auch \u00fcber die von der Europ\u00e4ischen Kommission bereitgestellte Streitbeilegungsplattform einreichen, die unter folgendem Link zu finden ist: http:\/\/ec.europa. eu\/consumers\/odr\/<\/p>\n<\/p>\n<p><strong>GESELLSCHAFTLICHE UND GEWERBLICHE EIGENTUMSRECHTE<\/strong><\/p>\n<p>Nach den Bestimmungen der Artikel 8 und 32.1, zweiter Absatz, des Gesetzes \u00fcber geistiges Eigentum sind die Vervielf\u00e4ltigung, die Verbreitung und die \u00f6ffentliche Wiedergabe, einschlie\u00dflich der Zurverf\u00fcgungstellung, des gesamten oder eines Teils des Inhalts dieser Website zu kommerziellen Zwecken, auf jedem Medium und mit allen technischen Mitteln ohne Genehmigung von http:\/\/luciddev.cat\/moldblade\/ ausdr\u00fccklich verboten. Der Nutzer verpflichtet sich, die Rechte an geistigem und gewerblichem Eigentum zu respektieren, deren Eigent\u00fcmer http:\/\/luciddev.cat\/moldblade\/ ist. Der Nutzer wei\u00df und akzeptiert, dass die gesamte Website, einschlie\u00dflich, aber nicht beschr\u00e4nkt auf Texte, Software, Inhalte (einschlie\u00dflich Struktur, Auswahl, Anordnung und Pr\u00e4sentation derselben), Podcasts, Fotos, audiovisuelles Material und Grafiken, durch Marken, Urheberrechte und andere legitime Rechte in \u00dcbereinstimmung mit internationalen Vertr\u00e4gen, denen Spanien beigetreten ist, und anderen Eigentumsrechten und Gesetzen Spaniens gesch\u00fctzt ist. Sollte ein Nutzer oder ein Dritter der Ansicht sein, dass durch die Ver\u00f6ffentlichung bestimmter Inhalte auf der Website seine legitimen Rechte am geistigen Eigentum verletzt wurden, muss er diesen Umstand http:\/\/luciddev.cat\/moldblade\/ mitteilen: Angaben zur Person des Betroffenen, der Inhaber der mutma\u00dflich verletzten Rechte ist, oder Angabe der Vertretung, mit der er handelt, falls die Forderung von einem anderen Dritten als dem Betroffenen erhoben wird. Angabe der durch Rechte des geistigen Eigentums gesch\u00fctzten Inhalte und ihres Standorts auf der Website, Akkreditierung der angegebenen Rechte des geistigen Eigentums und eine ausdr\u00fcckliche Erkl\u00e4rung, in der der Interessent die Verantwortung f\u00fcr die Richtigkeit der in der Meldung gemachten Angaben \u00fcbernimmt<\/p>\n<\/p>\n<p><strong>EXTERNE LINKS<\/strong><\/p>\n<p>Die Seiten der Website http:\/\/luciddev.cat\/moldblade\/ k\u00f6nnen Links zu anderen Websites und Inhalten enthalten, die das Eigentum Dritter sind. Der einzige Zweck der Links besteht darin, dem Nutzer die M\u00f6glichkeit zu geben, auf diese Links zuzugreifen. http:\/\/luciddev.cat\/moldblade\/ \u00fcbernimmt keinerlei Verantwortung f\u00fcr die Ergebnisse, die der Nutzer durch den Zugriff auf diese Links erzielen kann. Ebenso findet der Benutzer innerhalb dieser Website, Seiten, Aktionen, Affiliate-Programme, die Zugriff auf die Surfgewohnheiten der Nutzer zu erstellen Profile. Diese Informationen sind stets anonym und lassen keine R\u00fcckschl\u00fcsse auf den Nutzer zu. Informationen, die auf diesen gesponserten Websites oder Partner-Links zur Verf\u00fcgung gestellt werden, unterliegen den Datenschutzrichtlinien, die auf diesen Websites verwendet werden, und nicht den vorliegenden Datenschutzrichtlinien. Wir empfehlen den Nutzern dringend, die Datenschutzrichtlinien der Partnerlinks sorgf\u00e4ltig zu pr\u00fcfen. Nutzer, die beabsichtigen, einen technischen Link von ihrer Website zum Portal http:\/\/luciddev.cat\/moldblade\/ einzurichten, m\u00fcssen zuvor die schriftliche Genehmigung von http:\/\/luciddev.cat\/moldblade\/ einholen. Die Einrichtung des Links bedeutet in keinem Fall das Bestehen einer Beziehung zwischen http:\/\/luciddev.cat\/moldblade\/ und dem Eigent\u00fcmer der Website, auf der der Link eingerichtet ist, noch die Akzeptanz oder Billigung von deren Inhalten oder Dienstleistungen durch http:\/\/luciddev.cat\/moldblade\/<\/p>\n<\/p>\n<p><strong>KOMMENTARPOLITIK<\/strong><\/p>\n<p>Auf unserer Website ist es erlaubt, Kommentare zu machen, um den Inhalt zu bereichern und Fragen zu stellen. Kommentare, die sich nicht auf das Thema dieser Website beziehen, die Verleumdungen, Beleidigungen, pers\u00f6nliche Angriffe oder allgemeine Respektlosigkeit gegen\u00fcber dem Autor oder anderen Mitgliedern beinhalten, werden nicht akzeptiert. Kommentare, die offensichtlich irref\u00fchrende oder falsche Informationen enthalten, werden ebenfalls gel\u00f6scht, ebenso wie Kommentare, die pers\u00f6nliche Informationen wie Privatadressen oder Telefonnummern enthalten und gegen unsere Datenschutzbestimmungen versto\u00dfen. Kommentare, die ausschlie\u00dflich zu Werbezwecken f\u00fcr eine Website, eine Person oder eine Gruppe verfasst wurden, sowie alles, was allgemein als Spam angesehen werden k\u00f6nnte, werden ebenfalls nicht zugelassen. Anonyme Kommentare sowie solche, die von derselben Person unter verschiedenen Nicknames abgegeben werden, sind nicht zul\u00e4ssig. Kommentare, die versuchen, eine Debatte oder einen Standpunkt eines anderen Nutzers zu erzwingen, werden ebenfalls nicht ber\u00fccksichtigt.<\/p>\n<\/p>\n<p><strong>Ausschluss von Gew\u00e4hrleistungen und Haftung<\/strong><\/p>\n<p>Der Anbieter gew\u00e4hrt keine Gew\u00e4hr und haftet in keinem Fall f\u00fcr Sch\u00e4den jeglicher Art, die durch diese verursacht werden: Die mangelnde Verf\u00fcgbarkeit, Wartung und der effektive Betrieb der Website oder ihrer Dienste und Inhalte; das Vorhandensein von Viren, b\u00f6sartigen oder sch\u00e4dlichen Programmen in den Inhalten; die unerlaubte, fahrl\u00e4ssige, betr\u00fcgerische oder gegen die vorliegenden rechtlichen Hinweise versto\u00dfende Nutzung; die mangelnde Rechtm\u00e4\u00dfigkeit, Qualit\u00e4t, Zuverl\u00e4ssigkeit, N\u00fctzlichkeit und Verf\u00fcgbarkeit der von Dritten erbrachten und den Nutzern auf der Website zur Verf\u00fcgung gestellten Dienste. Der Anbieter haftet unter keinen Umst\u00e4nden f\u00fcr Sch\u00e4den, die sich aus der illegalen oder unsachgem\u00e4\u00dfen Nutzung dieser Website ergeben.<\/p>\n<\/p>\n<p><strong>ZUST\u00c4NDIGES RECHT UND GERICHTSSTAND<\/strong><\/p>\n<p>Im Allgemeinen unterliegen die Beziehungen zwischen http:\/\/luciddev.cat\/moldblade\/ und den Nutzern seiner Telematikdienste, die sich auf dieser Website befinden, der spanischen Gesetzgebung und Gerichtsbarkeit sowie den Gerichten. <\/p>\n<\/p>\n<p><strong>KONTAKT<\/strong><\/p>\n<p>Sollte ein Nutzer Zweifel an diesen rechtlichen Bedingungen oder Anmerkungen zum Portal http:\/\/luciddev.cat\/moldblade\/ haben, wenden Sie sich bitte an administracion@moldblade.com. Im Namen des Teams von Moldblade SL. danken wir Ihnen, dass Sie sich die Zeit genommen haben, diese rechtlichen Hinweise zu lesen<\/p>\n<p>. <\/p>\n\t\t\t\t\t\t\t\t<\/div>\n\t\t\t\t<\/div>\n\t\t\t\t\t<\/div>\n\t\t<\/div>\n\t\t\t\t\t<\/div>\n\t\t<\/section>\n\t\t\t\t<\/div>\n\t\t","protected":false},"excerpt":{"rendered":"<p>TEXT DES &#8222;RECHTLICHEN HINWEISES&#8220;: Rechtlicher Hinweis und Nutzungsbedingungen In <\/p>\n","protected":false},"author":2,"featured_media":0,"parent":0,"menu_order":0,"comment_status":"closed","ping_status":"closed","template":"","meta":{"_acf_changed":false,"_monsterinsights_skip_tracking":false,"_monsterinsights_sitenote_active":false,"_monsterinsights_sitenote_note":"","_monsterinsights_sitenote_category":0,"footnotes":""},"class_list":["post-18880","page","type-page","status-publish","hentry"],"acf":[],"yoast_head":"<!-- This site is optimized with the Yoast SEO plugin v27.1.1 - https:\/\/yoast.com\/product\/yoast-seo-wordpress\/ -->\n<title>Rechtlicher Hinweis - Moldblade<\/title>\n<meta name=\"description\" content=\"TEXT DES &quot;RECHTLICHEN HINWEISES&quot;: Rechtlicher Hinweis und Nutzungsbedingungen In diesem Bereich findet der BENUTZER alle Informationen zu den rechtlichen - Rechtlicher Hinweis\" \/>\n<meta name=\"robots\" content=\"index, follow, max-snippet:-1, max-image-preview:large, max-video-preview:-1\" \/>\n<link rel=\"canonical\" href=\"https:\/\/moldblade.com\/de\/rechtlicher-hinweis\/\" \/>\n<meta property=\"og:locale\" content=\"de_DE\" \/>\n<meta property=\"og:type\" content=\"article\" \/>\n<meta property=\"og:title\" content=\"Rechtlicher Hinweis - Moldblade\" \/>\n<meta property=\"og:description\" content=\"TEXT DES &quot;RECHTLICHEN HINWEISES&quot;: Rechtlicher Hinweis und Nutzungsbedingungen In diesem Bereich findet der BENUTZER alle Informationen zu den rechtlichen - Rechtlicher Hinweis\" \/>\n<meta property=\"og:url\" content=\"https:\/\/moldblade.com\/de\/rechtlicher-hinweis\/\" \/>\n<meta property=\"og:site_name\" content=\"Moldblade\" \/>\n<meta property=\"article:modified_time\" content=\"2021-11-09T10:59:30+00:00\" \/>\n<meta name=\"twitter:card\" content=\"summary_large_image\" \/>\n<meta name=\"twitter:label1\" content=\"Gesch\u00e4tzte Lesezeit\" \/>\n\t<meta name=\"twitter:data1\" content=\"8\u00a0Minuten\" \/>\n<script type=\"application\/ld+json\" class=\"yoast-schema-graph\">{\"@context\":\"https:\/\/schema.org\",\"@graph\":[{\"@type\":\"WebPage\",\"@id\":\"https:\/\/moldblade.com\/de\/rechtlicher-hinweis\/\",\"url\":\"https:\/\/moldblade.com\/de\/rechtlicher-hinweis\/\",\"name\":\"Rechtlicher Hinweis - Moldblade\",\"isPartOf\":{\"@id\":\"https:\/\/moldblade.com\/de\/#website\"},\"datePublished\":\"2021-11-09T10:59:29+00:00\",\"dateModified\":\"2021-11-09T10:59:30+00:00\",\"description\":\"TEXT DES \\\"RECHTLICHEN HINWEISES\\\": Rechtlicher Hinweis und Nutzungsbedingungen In diesem Bereich findet der BENUTZER alle Informationen zu den rechtlichen - Rechtlicher Hinweis\",\"breadcrumb\":{\"@id\":\"https:\/\/moldblade.com\/de\/rechtlicher-hinweis\/#breadcrumb\"},\"inLanguage\":\"de\",\"potentialAction\":[{\"@type\":\"ReadAction\",\"target\":[\"https:\/\/moldblade.com\/de\/rechtlicher-hinweis\/\"]}]},{\"@type\":\"BreadcrumbList\",\"@id\":\"https:\/\/moldblade.com\/de\/rechtlicher-hinweis\/#breadcrumb\",\"itemListElement\":[{\"@type\":\"ListItem\",\"position\":1,\"name\":\"Portada\",\"item\":\"https:\/\/moldblade.com\/de\/\"},{\"@type\":\"ListItem\",\"position\":2,\"name\":\"Rechtlicher Hinweis\"}]},{\"@type\":\"WebSite\",\"@id\":\"https:\/\/moldblade.com\/de\/#website\",\"url\":\"https:\/\/moldblade.com\/de\/\",\"name\":\"Moldblade\",\"description\":\"\",\"potentialAction\":[{\"@type\":\"SearchAction\",\"target\":{\"@type\":\"EntryPoint\",\"urlTemplate\":\"https:\/\/moldblade.com\/de\/?s={search_term_string}\"},\"query-input\":{\"@type\":\"PropertyValueSpecification\",\"valueRequired\":true,\"valueName\":\"search_term_string\"}}],\"inLanguage\":\"de\"}]}<\/script>\n<!-- \/ Yoast SEO plugin. -->","yoast_head_json":{"title":"Rechtlicher Hinweis - Moldblade","description":"TEXT DES \"RECHTLICHEN HINWEISES\": Rechtlicher Hinweis und Nutzungsbedingungen In diesem Bereich findet der BENUTZER alle Informationen zu den rechtlichen - Rechtlicher Hinweis","robots":{"index":"index","follow":"follow","max-snippet":"max-snippet:-1","max-image-preview":"max-image-preview:large","max-video-preview":"max-video-preview:-1"},"canonical":"https:\/\/moldblade.com\/de\/rechtlicher-hinweis\/","og_locale":"de_DE","og_type":"article","og_title":"Rechtlicher Hinweis - Moldblade","og_description":"TEXT DES \"RECHTLICHEN HINWEISES\": Rechtlicher Hinweis und Nutzungsbedingungen In diesem Bereich findet der BENUTZER alle Informationen zu den rechtlichen - Rechtlicher Hinweis","og_url":"https:\/\/moldblade.com\/de\/rechtlicher-hinweis\/","og_site_name":"Moldblade","article_modified_time":"2021-11-09T10:59:30+00:00","twitter_card":"summary_large_image","twitter_misc":{"Gesch\u00e4tzte Lesezeit":"8\u00a0Minuten"},"schema":{"@context":"https:\/\/schema.org","@graph":[{"@type":"WebPage","@id":"https:\/\/moldblade.com\/de\/rechtlicher-hinweis\/","url":"https:\/\/moldblade.com\/de\/rechtlicher-hinweis\/","name":"Rechtlicher Hinweis - Moldblade","isPartOf":{"@id":"https:\/\/moldblade.com\/de\/#website"},"datePublished":"2021-11-09T10:59:29+00:00","dateModified":"2021-11-09T10:59:30+00:00","description":"TEXT DES \"RECHTLICHEN HINWEISES\": Rechtlicher Hinweis und Nutzungsbedingungen In diesem Bereich findet der BENUTZER alle Informationen zu den rechtlichen - Rechtlicher Hinweis","breadcrumb":{"@id":"https:\/\/moldblade.com\/de\/rechtlicher-hinweis\/#breadcrumb"},"inLanguage":"de","potentialAction":[{"@type":"ReadAction","target":["https:\/\/moldblade.com\/de\/rechtlicher-hinweis\/"]}]},{"@type":"BreadcrumbList","@id":"https:\/\/moldblade.com\/de\/rechtlicher-hinweis\/#breadcrumb","itemListElement":[{"@type":"ListItem","position":1,"name":"Portada","item":"https:\/\/moldblade.com\/de\/"},{"@type":"ListItem","position":2,"name":"Rechtlicher Hinweis"}]},{"@type":"WebSite","@id":"https:\/\/moldblade.com\/de\/#website","url":"https:\/\/moldblade.com\/de\/","name":"Moldblade","description":"","potentialAction":[{"@type":"SearchAction","target":{"@type":"EntryPoint","urlTemplate":"https:\/\/moldblade.com\/de\/?s={search_term_string}"},"query-input":{"@type":"PropertyValueSpecification","valueRequired":true,"valueName":"search_term_string"}}],"inLanguage":"de"}]}},"_links":{"self":[{"href":"https:\/\/moldblade.com\/de\/wp-json\/wp\/v2\/pages\/18880","targetHints":{"allow":["GET"]}}],"collection":[{"href":"https:\/\/moldblade.com\/de\/wp-json\/wp\/v2\/pages"}],"about":[{"href":"https:\/\/moldblade.com\/de\/wp-json\/wp\/v2\/types\/page"}],"author":[{"embeddable":true,"href":"https:\/\/moldblade.com\/de\/wp-json\/wp\/v2\/users\/2"}],"replies":[{"embeddable":true,"href":"https:\/\/moldblade.com\/de\/wp-json\/wp\/v2\/comments?post=18880"}],"version-history":[{"count":1,"href":"https:\/\/moldblade.com\/de\/wp-json\/wp\/v2\/pages\/18880\/revisions"}],"predecessor-version":[{"id":18881,"href":"https:\/\/moldblade.com\/de\/wp-json\/wp\/v2\/pages\/18880\/revisions\/18881"}],"wp:attachment":[{"href":"https:\/\/moldblade.com\/de\/wp-json\/wp\/v2\/media?parent=18880"}],"curies":[{"name":"wp","href":"https:\/\/api.w.org\/{rel}","templated":true}]}}